{"id":1313,"date":"2024-07-10T01:10:34","date_gmt":"2024-07-10T01:10:34","guid":{"rendered":"https:\/\/rutherfordclassical.org\/?page_id=1313"},"modified":"2025-11-25T17:19:46","modified_gmt":"2025-11-25T17:19:46","slug":"ms-eichholz","status":"publish","type":"page","link":"https:\/\/rutherfordclassical.org\/es\/faculty-and-staff\/ms-eichholz\/","title":{"rendered":"Sra. Eichholz"},"content":{"rendered":"<div data-elementor-type=\"wp-page\" data-elementor-id=\"1313\" class=\"elementor elementor-1313\" data-elementor-post-type=\"page\">\n\t\t\t\t<div class=\"elementor-element elementor-element-be29603 e-flex e-con-boxed e-con e-parent\" data-id=\"be29603\" data-element_type=\"container\" data-e-type=\"container\">\n\t\t\t\t\t<div class=\"e-con-inner\">\n\t\t\t\t<div class=\"elementor-element elementor-element-efff931 elementor-widget elementor-widget-spacer\" data-id=\"efff931\" data-element_type=\"widget\" data-e-type=\"widget\" data-widget_type=\"spacer.default\">\n\t\t\t\t<div class=\"elementor-widget-container\">\n\t\t\t\t\t\t\t<div class=\"elementor-spacer\">\n\t\t\t<div class=\"elementor-spacer-inner\"><\/div>\n\t\t<\/div>\n\t\t\t\t\t\t<\/div>\n\t\t\t\t<\/div>\n\t\t\t\t\t<\/div>\n\t\t\t\t<\/div>\n\t\t<div class=\"elementor-element elementor-element-64cffca e-flex e-con-boxed e-con e-parent\" data-id=\"64cffca\" data-element_type=\"container\" data-e-type=\"container\">\n\t\t\t\t\t<div class=\"e-con-inner\">\n\t\t<div class=\"elementor-element elementor-element-b2485b2 e-con-full e-flex e-con e-child\" data-id=\"b2485b2\" data-element_type=\"container\" data-e-type=\"container\">\n\t\t\t\t<div class=\"elementor-element elementor-element-1aa3579 elementor-widget elementor-widget-image\" data-id=\"1aa3579\" data-element_type=\"widget\" data-e-type=\"widget\" data-widget_type=\"image.default\">\n\t\t\t\t<div class=\"elementor-widget-container\">\n\t\t\t\t\t\t\t\t\t\t\t\t\t\t\t<img fetchpriority=\"high\" decoding=\"async\" width=\"600\" height=\"900\" src=\"https:\/\/rutherfordclassical.org\/wp-content\/uploads\/2025\/10\/EICHHOLZ.png\" class=\"attachment-large size-large wp-image-3109\" alt=\"\" srcset=\"https:\/\/rutherfordclassical.org\/wp-content\/uploads\/2025\/10\/EICHHOLZ.png 600w, https:\/\/rutherfordclassical.org\/wp-content\/uploads\/2025\/10\/EICHHOLZ-200x300.png 200w, https:\/\/rutherfordclassical.org\/wp-content\/uploads\/2025\/10\/EICHHOLZ-8x12.png 8w\" sizes=\"(max-width: 600px) 100vw, 600px\" \/>\t\t\t\t\t\t\t\t\t\t\t\t\t\t\t<\/div>\n\t\t\t\t<\/div>\n\t\t\t\t<\/div>\n\t\t<div class=\"elementor-element elementor-element-d22efaf e-con-full e-flex e-con e-child\" data-id=\"d22efaf\" data-element_type=\"container\" data-e-type=\"container\">\n\t\t\t\t<div class=\"elementor-element elementor-element-b87d28e elementor-widget elementor-widget-text-editor\" data-id=\"b87d28e\" data-element_type=\"widget\" data-e-type=\"widget\" data-widget_type=\"text-editor.default\">\n\t\t\t\t<div class=\"elementor-widget-container\">\n\t\t\t\t\t\t\t\t\t<h1>Sra. Eichholz<\/h1>\t\t\t\t\t\t\t\t<\/div>\n\t\t\t\t<\/div>\n\t\t\t\t<div class=\"elementor-element elementor-element-f874c52 elementor-widget elementor-widget-text-editor\" data-id=\"f874c52\" data-element_type=\"widget\" data-e-type=\"widget\" data-widget_type=\"text-editor.default\">\n\t\t\t\t<div class=\"elementor-widget-container\">\n\t\t\t\t\t\t\t\t\t<p>Profesor de Educaci\u00f3n F\u00edsica<\/p>\t\t\t\t\t\t\t\t<\/div>\n\t\t\t\t<\/div>\n\t\t\t\t<div class=\"elementor-element elementor-element-e3ac694 elementor-widget elementor-widget-text-editor\" data-id=\"e3ac694\" data-element_type=\"widget\" data-e-type=\"widget\" data-widget_type=\"text-editor.default\">\n\t\t\t\t<div class=\"elementor-widget-container\">\n\t\t\t\t\t\t\t\t\t<p>La Srta. Eichholz creci\u00f3 en South Elgin, Illinois (un suburbio de Chicago). Se licenci\u00f3 en Educaci\u00f3n F\u00edsica en el Hillsdale College. Durante su estancia en Hillsdale, fue cuatro a\u00f1os jugadora del equipo universitario de softball D2 de la NCAA, lider\u00f3 a su equipo a dos apariciones regionales en la NCAA, un campeonato de la temporada regular de la G-MAC y un campeonato del torneo de la G-MAC. Entre esos premios, tambi\u00e9n fue galardonada dos veces como jugadora del segundo equipo de la G-MAC. Fue miembro de la hermandad Kappa Kappa Gamma en Hillsdale y ocup\u00f3 un puesto de liderazgo en la casa.<\/p><p>La Srta. Eichholz es una apasionada de la educaci\u00f3n f\u00edsica y es entrenadora de CrossFit durante los veranos. Ha competido en diferentes competiciones de entrenamiento funcional como DEKA. Ella cree que cada estudiante merece la oportunidad de participar en la educaci\u00f3n f\u00edsica, no importa su origen. Ella cree que a trav\u00e9s de la educaci\u00f3n f\u00edsica, los estudiantes pueden crecer en el car\u00e1cter y la virtud, aprender los fundamentos de un estilo de vida saludable, y la experiencia de c\u00f3mo un cuerpo sano contribuye a una mente sana.<\/p>\t\t\t\t\t\t\t\t<\/div>\n\t\t\t\t<\/div>\n\t\t\t\t<\/div>\n\t\t\t\t\t<\/div>\n\t\t\t\t<\/div>\n\t\t<div class=\"elementor-element elementor-element-d22ac47 e-flex e-con-boxed e-con e-parent\" data-id=\"d22ac47\" data-element_type=\"container\" data-e-type=\"container\">\n\t\t\t\t\t<div class=\"e-con-inner\">\n\t\t\t\t<div class=\"elementor-element elementor-element-b7a1cc3 elementor-widget elementor-widget-spacer\" data-id=\"b7a1cc3\" data-element_type=\"widget\" data-e-type=\"widget\" data-widget_type=\"spacer.default\">\n\t\t\t\t<div class=\"elementor-widget-container\">\n\t\t\t\t\t\t\t<div class=\"elementor-spacer\">\n\t\t\t<div class=\"elementor-spacer-inner\"><\/div>\n\t\t<\/div>\n\t\t\t\t\t\t<\/div>\n\t\t\t\t<\/div>\n\t\t\t\t\t<\/div>\n\t\t\t\t<\/div>\n\t\t\t\t<section class=\"elementor-section elementor-top-section elementor-element elementor-element-3aaff45 elementor-section-height-min-height elementor-section-boxed elementor-section-height-default elementor-section-items-middle\" data-id=\"3aaff45\" data-element_type=\"section\" data-e-type=\"section\" data-settings=\"{&quot;background_background&quot;:&quot;classic&quot;}\">\n\t\t\t\t\t\t\t<div class=\"elementor-background-overlay\"><\/div>\n\t\t\t\t\t\t\t<div class=\"elementor-container elementor-column-gap-default\">\n\t\t\t\t\t<div class=\"elementor-column elementor-col-100 elementor-top-column elementor-element elementor-element-51fca43\" data-id=\"51fca43\" data-element_type=\"column\" data-e-type=\"column\">\n\t\t\t<div class=\"elementor-widget-wrap elementor-element-populated\">\n\t\t\t\t\t\t<div class=\"elementor-element elementor-element-b14de9b elementor-widget elementor-widget-heading\" data-id=\"b14de9b\" data-element_type=\"widget\" data-e-type=\"widget\" data-widget_type=\"heading.default\">\n\t\t\t\t<div class=\"elementor-widget-container\">\n\t\t\t\t\t<h2 class=\"elementor-heading-title elementor-size-default\">Una educaci\u00f3n cl\u00e1sica americana<\/h2>\t\t\t\t<\/div>\n\t\t\t\t<\/div>\n\t\t\t\t<div class=\"elementor-element elementor-element-de42627 elementor-widget elementor-widget-text-editor\" data-id=\"de42627\" data-element_type=\"widget\" data-e-type=\"widget\" data-widget_type=\"text-editor.default\">\n\t\t\t\t<div class=\"elementor-widget-container\">\n\t\t\t\t\t\t\t\t\t<p class=\"p1\">Nuestro plan de estudios hace especial hincapi\u00e9 en el lenguaje, las asignaturas ricas en contenido, una s\u00f3lida base de conocimientos fundamentales y una exploraci\u00f3n en profundidad del legado hist\u00f3rico, literario y cient\u00edfico tanto de Estados Unidos como de la civilizaci\u00f3n occidental.\u00a0<\/p>\t\t\t\t\t\t\t\t<\/div>\n\t\t\t\t<\/div>\n\t\t\t\t<div class=\"elementor-element elementor-element-b0f2bdb elementor-widget elementor-widget-jkit_button\" data-id=\"b0f2bdb\" data-element_type=\"widget\" data-e-type=\"widget\" data-widget_type=\"jkit_button.default\">\n\t\t\t\t<div class=\"elementor-widget-container\">\n\t\t\t\t\t<div  class=\"jeg-elementor-kit jkit-button  icon-position-before jeg_module___6a05d7620cf57\" ><a href=\"https:\/\/rutherfordclassical.org\/es\/careers\/\" class=\"jkit-button-wrapper\" target=\"_blank\">SOLICITAR AHORA<\/a><\/div>\t\t\t\t<\/div>\n\t\t\t\t<\/div>\n\t\t\t\t\t<\/div>\n\t\t<\/div>\n\t\t\t\t\t<\/div>\n\t\t<\/section>\n\t\t\t\t<\/div>","protected":false},"excerpt":{"rendered":"<p>Ms. Eichholz\u200b Physical Ed Teacher\u200b Miss Eichholz grew up in South Elgin, Illinois (a suburb of Chicago). She graduated from Hillsdale College with a B.A. in Physical Education. During her [&hellip;]<\/p>\n","protected":false},"author":2,"featured_media":0,"parent":1170,"menu_order":0,"comment_status":"closed","ping_status":"closed","template":"","meta":{"_coblocks_attr":"","_coblocks_dimensions":"","_coblocks_responsive_height":"","_coblocks_accordion_ie_support":"","_mo_disable_npp":"","footnotes":""},"class_list":["post-1313","page","type-page","status-publish","hentry"],"yoast_head":"<!-- This site is optimized with the Yoast SEO plugin v27.6 - https:\/\/yoast.com\/product\/yoast-seo-wordpress\/ -->\n<title>Ms. Eichholz\u200b - American Classical Academy Rutherford<\/title>\n<meta name=\"robots\" content=\"index, follow, max-snippet:-1, max-image-preview:large, max-video-preview:-1\" \/>\n<link rel=\"canonical\" href=\"https:\/\/rutherfordclassical.org\/es\/faculty-and-staff\/ms-eichholz\/\" \/>\n<meta property=\"og:locale\" content=\"es_MX\" \/>\n<meta property=\"og:type\" content=\"article\" \/>\n<meta property=\"og:title\" content=\"Ms. Eichholz\u200b - American Classical Academy Rutherford\" \/>\n<meta property=\"og:description\" content=\"Ms. Eichholz\u200b Physical Ed Teacher\u200b Miss Eichholz grew up in South Elgin, Illinois (a suburb of Chicago). She graduated from Hillsdale College with a B.A. in Physical Education. During her [&hellip;]\" \/>\n<meta property=\"og:url\" content=\"https:\/\/rutherfordclassical.org\/es\/faculty-and-staff\/ms-eichholz\/\" \/>\n<meta property=\"og:site_name\" content=\"American Classical Academy Rutherford\" \/>\n<meta property=\"article:modified_time\" content=\"2025-11-25T17:19:46+00:00\" \/>\n<meta property=\"og:image\" content=\"https:\/\/rutherfordclassical.org\/wp-content\/uploads\/2025\/10\/EICHHOLZ.png\" \/>\n\t<meta property=\"og:image:width\" content=\"600\" \/>\n\t<meta property=\"og:image:height\" content=\"900\" \/>\n\t<meta property=\"og:image:type\" content=\"image\/png\" \/>\n<meta name=\"twitter:card\" content=\"summary_large_image\" \/>\n<meta name=\"twitter:label1\" content=\"Tiempo de lectura\" \/>\n\t<meta name=\"twitter:data1\" content=\"2 minutos\" \/>\n<script type=\"application\/ld+json\" class=\"yoast-schema-graph\">{\"@context\":\"https:\\\/\\\/schema.org\",\"@graph\":[{\"@type\":\"WebPage\",\"@id\":\"https:\\\/\\\/rutherfordclassical.org\\\/faculty-and-staff\\\/ms-eichholz\\\/\",\"url\":\"https:\\\/\\\/rutherfordclassical.org\\\/faculty-and-staff\\\/ms-eichholz\\\/\",\"name\":\"Ms. Eichholz\u200b - American Classical Academy Rutherford\",\"isPartOf\":{\"@id\":\"https:\\\/\\\/kba.790.myftpupload.com\\\/#website\"},\"primaryImageOfPage\":{\"@id\":\"https:\\\/\\\/rutherfordclassical.org\\\/faculty-and-staff\\\/ms-eichholz\\\/#primaryimage\"},\"image\":{\"@id\":\"https:\\\/\\\/rutherfordclassical.org\\\/faculty-and-staff\\\/ms-eichholz\\\/#primaryimage\"},\"thumbnailUrl\":\"https:\\\/\\\/rutherfordclassical.org\\\/wp-content\\\/uploads\\\/2025\\\/10\\\/EICHHOLZ.png\",\"datePublished\":\"2024-07-10T01:10:34+00:00\",\"dateModified\":\"2025-11-25T17:19:46+00:00\",\"breadcrumb\":{\"@id\":\"https:\\\/\\\/rutherfordclassical.org\\\/faculty-and-staff\\\/ms-eichholz\\\/#breadcrumb\"},\"inLanguage\":\"es\",\"potentialAction\":[{\"@type\":\"ReadAction\",\"target\":[\"https:\\\/\\\/rutherfordclassical.org\\\/faculty-and-staff\\\/ms-eichholz\\\/\"]}]},{\"@type\":\"ImageObject\",\"inLanguage\":\"es\",\"@id\":\"https:\\\/\\\/rutherfordclassical.org\\\/faculty-and-staff\\\/ms-eichholz\\\/#primaryimage\",\"url\":\"https:\\\/\\\/rutherfordclassical.org\\\/wp-content\\\/uploads\\\/2025\\\/10\\\/EICHHOLZ.png\",\"contentUrl\":\"https:\\\/\\\/rutherfordclassical.org\\\/wp-content\\\/uploads\\\/2025\\\/10\\\/EICHHOLZ.png\"},{\"@type\":\"BreadcrumbList\",\"@id\":\"https:\\\/\\\/rutherfordclassical.org\\\/faculty-and-staff\\\/ms-eichholz\\\/#breadcrumb\",\"itemListElement\":[{\"@type\":\"ListItem\",\"position\":1,\"name\":\"Home\",\"item\":\"https:\\\/\\\/rutherfordclassical.org\\\/\"},{\"@type\":\"ListItem\",\"position\":2,\"name\":\"Faculty and Staff\",\"item\":\"https:\\\/\\\/rutherfordclassical.org\\\/faculty-and-staff\\\/\"},{\"@type\":\"ListItem\",\"position\":3,\"name\":\"Ms. Eichholz\u200b\"}]},{\"@type\":\"WebSite\",\"@id\":\"https:\\\/\\\/kba.790.myftpupload.com\\\/#website\",\"url\":\"https:\\\/\\\/kba.790.myftpupload.com\\\/\",\"name\":\"American Classical Academy Rutherford\",\"description\":\"\",\"potentialAction\":[{\"@type\":\"SearchAction\",\"target\":{\"@type\":\"EntryPoint\",\"urlTemplate\":\"https:\\\/\\\/kba.790.myftpupload.com\\\/?s={search_term_string}\"},\"query-input\":{\"@type\":\"PropertyValueSpecification\",\"valueRequired\":true,\"valueName\":\"search_term_string\"}}],\"inLanguage\":\"es\"}]}<\/script>\n<!-- \/ Yoast SEO plugin. -->","yoast_head_json":{"title":"Sra. Eichholz - Academia Cl\u00e1sica Americana Rutherford","robots":{"index":"index","follow":"follow","max-snippet":"max-snippet:-1","max-image-preview":"max-image-preview:large","max-video-preview":"max-video-preview:-1"},"canonical":"https:\/\/rutherfordclassical.org\/es\/faculty-and-staff\/ms-eichholz\/","og_locale":"es_MX","og_type":"article","og_title":"Ms. Eichholz\u200b - American Classical Academy Rutherford","og_description":"Ms. Eichholz\u200b Physical Ed Teacher\u200b Miss Eichholz grew up in South Elgin, Illinois (a suburb of Chicago). She graduated from Hillsdale College with a B.A. in Physical Education. During her [&hellip;]","og_url":"https:\/\/rutherfordclassical.org\/es\/faculty-and-staff\/ms-eichholz\/","og_site_name":"American Classical Academy Rutherford","article_modified_time":"2025-11-25T17:19:46+00:00","og_image":[{"width":600,"height":900,"url":"https:\/\/rutherfordclassical.org\/wp-content\/uploads\/2025\/10\/EICHHOLZ.png","type":"image\/png"}],"twitter_card":"summary_large_image","twitter_misc":{"Tiempo de lectura":"2 minutos"},"schema":{"@context":"https:\/\/schema.org","@graph":[{"@type":"WebPage","@id":"https:\/\/rutherfordclassical.org\/faculty-and-staff\/ms-eichholz\/","url":"https:\/\/rutherfordclassical.org\/faculty-and-staff\/ms-eichholz\/","name":"Sra. Eichholz - Academia Cl\u00e1sica Americana Rutherford","isPartOf":{"@id":"https:\/\/kba.790.myftpupload.com\/#website"},"primaryImageOfPage":{"@id":"https:\/\/rutherfordclassical.org\/faculty-and-staff\/ms-eichholz\/#primaryimage"},"image":{"@id":"https:\/\/rutherfordclassical.org\/faculty-and-staff\/ms-eichholz\/#primaryimage"},"thumbnailUrl":"https:\/\/rutherfordclassical.org\/wp-content\/uploads\/2025\/10\/EICHHOLZ.png","datePublished":"2024-07-10T01:10:34+00:00","dateModified":"2025-11-25T17:19:46+00:00","breadcrumb":{"@id":"https:\/\/rutherfordclassical.org\/faculty-and-staff\/ms-eichholz\/#breadcrumb"},"inLanguage":"es","potentialAction":[{"@type":"ReadAction","target":["https:\/\/rutherfordclassical.org\/faculty-and-staff\/ms-eichholz\/"]}]},{"@type":"ImageObject","inLanguage":"es","@id":"https:\/\/rutherfordclassical.org\/faculty-and-staff\/ms-eichholz\/#primaryimage","url":"https:\/\/rutherfordclassical.org\/wp-content\/uploads\/2025\/10\/EICHHOLZ.png","contentUrl":"https:\/\/rutherfordclassical.org\/wp-content\/uploads\/2025\/10\/EICHHOLZ.png"},{"@type":"BreadcrumbList","@id":"https:\/\/rutherfordclassical.org\/faculty-and-staff\/ms-eichholz\/#breadcrumb","itemListElement":[{"@type":"ListItem","position":1,"name":"Home","item":"https:\/\/rutherfordclassical.org\/"},{"@type":"ListItem","position":2,"name":"Faculty and Staff","item":"https:\/\/rutherfordclassical.org\/faculty-and-staff\/"},{"@type":"ListItem","position":3,"name":"Ms. Eichholz\u200b"}]},{"@type":"WebSite","@id":"https:\/\/kba.790.myftpupload.com\/#website","url":"https:\/\/kba.790.myftpupload.com\/","name":"Academia Cl\u00e1sica Americana Rutherford","description":"","potentialAction":[{"@type":"SearchAction","target":{"@type":"EntryPoint","urlTemplate":"https:\/\/kba.790.myftpupload.com\/?s={search_term_string}"},"query-input":{"@type":"PropertyValueSpecification","valueRequired":true,"valueName":"search_term_string"}}],"inLanguage":"es"}]}},"_links":{"self":[{"href":"https:\/\/rutherfordclassical.org\/es\/wp-json\/wp\/v2\/pages\/1313","targetHints":{"allow":["GET"]}}],"collection":[{"href":"https:\/\/rutherfordclassical.org\/es\/wp-json\/wp\/v2\/pages"}],"about":[{"href":"https:\/\/rutherfordclassical.org\/es\/wp-json\/wp\/v2\/types\/page"}],"author":[{"embeddable":true,"href":"https:\/\/rutherfordclassical.org\/es\/wp-json\/wp\/v2\/users\/2"}],"replies":[{"embeddable":true,"href":"https:\/\/rutherfordclassical.org\/es\/wp-json\/wp\/v2\/comments?post=1313"}],"version-history":[{"count":0,"href":"https:\/\/rutherfordclassical.org\/es\/wp-json\/wp\/v2\/pages\/1313\/revisions"}],"up":[{"embeddable":true,"href":"https:\/\/rutherfordclassical.org\/es\/wp-json\/wp\/v2\/pages\/1170"}],"wp:attachment":[{"href":"https:\/\/rutherfordclassical.org\/es\/wp-json\/wp\/v2\/media?parent=1313"}],"curies":[{"name":"wp","href":"https:\/\/api.w.org\/{rel}","templated":true}]}}