{"id":1381,"date":"2024-07-18T00:39:28","date_gmt":"2024-07-18T00:39:28","guid":{"rendered":"https:\/\/rutherfordclassical.org\/?page_id=1381"},"modified":"2025-11-25T17:21:48","modified_gmt":"2025-11-25T17:21:48","slug":"ms-potter","status":"publish","type":"page","link":"https:\/\/rutherfordclassical.org\/es\/faculty-and-staff\/ms-potter\/","title":{"rendered":"Sra. Potter"},"content":{"rendered":"<div data-elementor-type=\"wp-page\" data-elementor-id=\"1381\" class=\"elementor elementor-1381\" data-elementor-post-type=\"page\">\n\t\t\t\t<div class=\"elementor-element elementor-element-3ad8843 e-flex e-con-boxed e-con e-parent\" data-id=\"3ad8843\" data-element_type=\"container\" data-e-type=\"container\">\n\t\t\t\t\t<div class=\"e-con-inner\">\n\t\t\t\t<div class=\"elementor-element elementor-element-9ae4a8d elementor-widget elementor-widget-spacer\" data-id=\"9ae4a8d\" data-element_type=\"widget\" data-e-type=\"widget\" data-widget_type=\"spacer.default\">\n\t\t\t\t<div class=\"elementor-widget-container\">\n\t\t\t\t\t\t\t<div class=\"elementor-spacer\">\n\t\t\t<div class=\"elementor-spacer-inner\"><\/div>\n\t\t<\/div>\n\t\t\t\t\t\t<\/div>\n\t\t\t\t<\/div>\n\t\t\t\t\t<\/div>\n\t\t\t\t<\/div>\n\t\t<div class=\"elementor-element elementor-element-22161ba e-flex e-con-boxed e-con e-parent\" data-id=\"22161ba\" data-element_type=\"container\" data-e-type=\"container\">\n\t\t\t\t\t<div class=\"e-con-inner\">\n\t\t<div class=\"elementor-element elementor-element-d31b446 e-con-full e-flex e-con e-child\" data-id=\"d31b446\" data-element_type=\"container\" data-e-type=\"container\">\n\t\t\t\t<div class=\"elementor-element elementor-element-8c37ccf elementor-widget elementor-widget-image\" data-id=\"8c37ccf\" data-element_type=\"widget\" data-e-type=\"widget\" data-widget_type=\"image.default\">\n\t\t\t\t<div class=\"elementor-widget-container\">\n\t\t\t\t\t\t\t\t\t\t\t\t\t\t\t<img fetchpriority=\"high\" decoding=\"async\" width=\"600\" height=\"900\" src=\"https:\/\/rutherfordclassical.org\/wp-content\/uploads\/2025\/10\/POTTER.png\" class=\"attachment-large size-large wp-image-3129\" alt=\"\" srcset=\"https:\/\/rutherfordclassical.org\/wp-content\/uploads\/2025\/10\/POTTER.png 600w, https:\/\/rutherfordclassical.org\/wp-content\/uploads\/2025\/10\/POTTER-200x300.png 200w, https:\/\/rutherfordclassical.org\/wp-content\/uploads\/2025\/10\/POTTER-8x12.png 8w\" sizes=\"(max-width: 600px) 100vw, 600px\" \/>\t\t\t\t\t\t\t\t\t\t\t\t\t\t\t<\/div>\n\t\t\t\t<\/div>\n\t\t\t\t<\/div>\n\t\t<div class=\"elementor-element elementor-element-635a007 e-con-full e-flex e-con e-child\" data-id=\"635a007\" data-element_type=\"container\" data-e-type=\"container\">\n\t\t\t\t<div class=\"elementor-element elementor-element-8462fcd elementor-widget elementor-widget-text-editor\" data-id=\"8462fcd\" data-element_type=\"widget\" data-e-type=\"widget\" data-widget_type=\"text-editor.default\">\n\t\t\t\t<div class=\"elementor-widget-container\">\n\t\t\t\t\t\t\t\t\t<h1>Sra. Potter<\/h1>\t\t\t\t\t\t\t\t<\/div>\n\t\t\t\t<\/div>\n\t\t\t\t<div class=\"elementor-element elementor-element-86e5f4c elementor-widget elementor-widget-text-editor\" data-id=\"86e5f4c\" data-element_type=\"widget\" data-e-type=\"widget\" data-widget_type=\"text-editor.default\">\n\t\t\t\t<div class=\"elementor-widget-container\">\n\t\t\t\t\t\t\t\t\t<p>Profesora de primer grado<\/p>\t\t\t\t\t\t\t\t<\/div>\n\t\t\t\t<\/div>\n\t\t\t\t<div class=\"elementor-element elementor-element-130a162 elementor-widget elementor-widget-text-editor\" data-id=\"130a162\" data-element_type=\"widget\" data-e-type=\"widget\" data-widget_type=\"text-editor.default\">\n\t\t\t\t<div class=\"elementor-widget-container\">\n\t\t\t\t\t\t\t\t\t<p>Portia Potter es una nueva profesora deseosa de inspirar a las mentes j\u00f3venes de la American Classical Academy Rutherford (Condado de Rutherford, Tennessee).<span style=\"font-family: var( --e-global-typography-text-font-family ), Sans-serif; font-size: var( --e-global-typography-text-font-size ); font-weight: var( --e-global-typography-text-font-weight ); text-align: var(--text-align); color: var( --e-global-color-text );\">&nbsp;<\/span><\/p><p>La Sra. Potter es nativa de Nashville y ha residido en La Vergne, TN durante 23 a\u00f1os. Es licenciada en Contabilidad y Administraci\u00f3n de Empresas y posee una licencia inmobiliaria en Tennessee. Antes de dedicarse a la educaci\u00f3n, trabaj\u00f3 21 a\u00f1os en un importante fabricante del sector sanitario. Su carrera le ha brindado grandes oportunidades de tutor\u00eda, liderazgo y desarrollo.<span style=\"font-family: var( --e-global-typography-text-font-family ), Sans-serif; font-size: var( --e-global-typography-text-font-size ); font-weight: var( --e-global-typography-text-font-weight ); text-align: var(--text-align); color: var( --e-global-color-text );\">&nbsp;<\/span><\/p><p>A la Sra. Potter le apasiona aprender y cree que en la educaci\u00f3n es donde puede tener un impacto positivo. Ha sido mentora de j\u00f3venes profesionales y es voluntaria como mentora de TN Achieves, ayudando a estudiantes de La Vergne High School en su transici\u00f3n a la universidad.<span style=\"font-family: var( --e-global-typography-text-font-family ), Sans-serif; font-size: var( --e-global-typography-text-font-size ); font-weight: var( --e-global-typography-text-font-weight ); text-align: var(--text-align); color: var( --e-global-color-text );\">&nbsp;<\/span><\/p><p>La Sra. Potter cree que cada estudiante tiene la oportunidad de tener \u00e9xito en el aprendizaje en un ambiente positivo, con un maestro que los inspira y tiene un sistema de apoyo cari\u00f1oso, nutrir y cuidar. Le entusiasma la idea de tener un gran impacto en nuestros futuros l\u00edderes.<\/p>\t\t\t\t\t\t\t\t<\/div>\n\t\t\t\t<\/div>\n\t\t\t\t<\/div>\n\t\t\t\t\t<\/div>\n\t\t\t\t<\/div>\n\t\t<div class=\"elementor-element elementor-element-73d9e38 e-flex e-con-boxed e-con e-parent\" data-id=\"73d9e38\" data-element_type=\"container\" data-e-type=\"container\">\n\t\t\t\t\t<div class=\"e-con-inner\">\n\t\t\t\t<div class=\"elementor-element elementor-element-2e7cb2f elementor-widget elementor-widget-spacer\" data-id=\"2e7cb2f\" data-element_type=\"widget\" data-e-type=\"widget\" data-widget_type=\"spacer.default\">\n\t\t\t\t<div class=\"elementor-widget-container\">\n\t\t\t\t\t\t\t<div class=\"elementor-spacer\">\n\t\t\t<div class=\"elementor-spacer-inner\"><\/div>\n\t\t<\/div>\n\t\t\t\t\t\t<\/div>\n\t\t\t\t<\/div>\n\t\t\t\t\t<\/div>\n\t\t\t\t<\/div>\n\t\t\t\t<section class=\"elementor-section elementor-top-section elementor-element elementor-element-b3b7abc elementor-section-height-min-height elementor-section-boxed elementor-section-height-default elementor-section-items-middle\" data-id=\"b3b7abc\" data-element_type=\"section\" data-e-type=\"section\" data-settings=\"{&quot;background_background&quot;:&quot;classic&quot;}\">\n\t\t\t\t\t\t\t<div class=\"elementor-background-overlay\"><\/div>\n\t\t\t\t\t\t\t<div class=\"elementor-container elementor-column-gap-default\">\n\t\t\t\t\t<div class=\"elementor-column elementor-col-100 elementor-top-column elementor-element elementor-element-51b4adb\" data-id=\"51b4adb\" data-element_type=\"column\" data-e-type=\"column\">\n\t\t\t<div class=\"elementor-widget-wrap elementor-element-populated\">\n\t\t\t\t\t\t<div class=\"elementor-element elementor-element-5e3e4b7 elementor-widget elementor-widget-heading\" data-id=\"5e3e4b7\" data-element_type=\"widget\" data-e-type=\"widget\" data-widget_type=\"heading.default\">\n\t\t\t\t<div class=\"elementor-widget-container\">\n\t\t\t\t\t<h2 class=\"elementor-heading-title elementor-size-default\">Una educaci\u00f3n cl\u00e1sica americana<\/h2>\t\t\t\t<\/div>\n\t\t\t\t<\/div>\n\t\t\t\t<div class=\"elementor-element elementor-element-3e6c5e6 elementor-widget elementor-widget-text-editor\" data-id=\"3e6c5e6\" data-element_type=\"widget\" data-e-type=\"widget\" data-widget_type=\"text-editor.default\">\n\t\t\t\t<div class=\"elementor-widget-container\">\n\t\t\t\t\t\t\t\t\t<p class=\"p1\">Nuestro plan de estudios hace especial hincapi\u00e9 en el lenguaje, las asignaturas ricas en contenido, una s\u00f3lida base de conocimientos fundamentales y una exploraci\u00f3n en profundidad del legado hist\u00f3rico, literario y cient\u00edfico tanto de Estados Unidos como de la civilizaci\u00f3n occidental.\u00a0<\/p>\t\t\t\t\t\t\t\t<\/div>\n\t\t\t\t<\/div>\n\t\t\t\t<div class=\"elementor-element elementor-element-0e0b22d elementor-widget elementor-widget-jkit_button\" data-id=\"0e0b22d\" data-element_type=\"widget\" data-e-type=\"widget\" data-widget_type=\"jkit_button.default\">\n\t\t\t\t<div class=\"elementor-widget-container\">\n\t\t\t\t\t<div  class=\"jeg-elementor-kit jkit-button  icon-position-before jeg_module___6a05d90c260de\" ><a href=\"https:\/\/rutherfordclassical.org\/es\/careers\/\" class=\"jkit-button-wrapper\" target=\"_blank\">SOLICITAR AHORA<\/a><\/div>\t\t\t\t<\/div>\n\t\t\t\t<\/div>\n\t\t\t\t\t<\/div>\n\t\t<\/div>\n\t\t\t\t\t<\/div>\n\t\t<\/section>\n\t\t\t\t<\/div>","protected":false},"excerpt":{"rendered":"<p>Ms. Potter\u200b First Grade Teacher\u200b Portia Potter is a new teacher eager to inspire young minds at the American Classical Academy Rutherford (Rutherford County, Tennessee).&nbsp; Ms. Potter is a Nashville [&hellip;]<\/p>\n","protected":false},"author":2,"featured_media":0,"parent":1170,"menu_order":0,"comment_status":"closed","ping_status":"closed","template":"","meta":{"_coblocks_attr":"","_coblocks_dimensions":"","_coblocks_responsive_height":"","_coblocks_accordion_ie_support":"","_mo_disable_npp":"","footnotes":""},"class_list":["post-1381","page","type-page","status-publish","hentry"],"yoast_head":"<!-- This site is optimized with the Yoast SEO plugin v27.6 - https:\/\/yoast.com\/product\/yoast-seo-wordpress\/ -->\n<title>Ms. Potter\u200b - American Classical Academy Rutherford<\/title>\n<meta name=\"robots\" content=\"index, follow, max-snippet:-1, max-image-preview:large, max-video-preview:-1\" \/>\n<link rel=\"canonical\" href=\"https:\/\/rutherfordclassical.org\/es\/faculty-and-staff\/ms-potter\/\" \/>\n<meta property=\"og:locale\" content=\"es_MX\" \/>\n<meta property=\"og:type\" content=\"article\" \/>\n<meta property=\"og:title\" content=\"Ms. Potter\u200b - American Classical Academy Rutherford\" \/>\n<meta property=\"og:description\" content=\"Ms. Potter\u200b First Grade Teacher\u200b Portia Potter is a new teacher eager to inspire young minds at the American Classical Academy Rutherford (Rutherford County, Tennessee).&nbsp; Ms. Potter is a Nashville [&hellip;]\" \/>\n<meta property=\"og:url\" content=\"https:\/\/rutherfordclassical.org\/es\/faculty-and-staff\/ms-potter\/\" \/>\n<meta property=\"og:site_name\" content=\"American Classical Academy Rutherford\" \/>\n<meta property=\"article:modified_time\" content=\"2025-11-25T17:21:48+00:00\" \/>\n<meta property=\"og:image\" content=\"https:\/\/rutherfordclassical.org\/wp-content\/uploads\/2025\/10\/POTTER.png\" \/>\n\t<meta property=\"og:image:width\" content=\"600\" \/>\n\t<meta property=\"og:image:height\" content=\"900\" \/>\n\t<meta property=\"og:image:type\" content=\"image\/png\" \/>\n<meta name=\"twitter:card\" content=\"summary_large_image\" \/>\n<meta name=\"twitter:label1\" content=\"Tiempo de lectura\" \/>\n\t<meta name=\"twitter:data1\" content=\"2 minutos\" \/>\n<script type=\"application\/ld+json\" class=\"yoast-schema-graph\">{\"@context\":\"https:\\\/\\\/schema.org\",\"@graph\":[{\"@type\":\"WebPage\",\"@id\":\"https:\\\/\\\/rutherfordclassical.org\\\/faculty-and-staff\\\/ms-potter\\\/\",\"url\":\"https:\\\/\\\/rutherfordclassical.org\\\/faculty-and-staff\\\/ms-potter\\\/\",\"name\":\"Ms. Potter\u200b - American Classical Academy Rutherford\",\"isPartOf\":{\"@id\":\"https:\\\/\\\/kba.790.myftpupload.com\\\/#website\"},\"primaryImageOfPage\":{\"@id\":\"https:\\\/\\\/rutherfordclassical.org\\\/faculty-and-staff\\\/ms-potter\\\/#primaryimage\"},\"image\":{\"@id\":\"https:\\\/\\\/rutherfordclassical.org\\\/faculty-and-staff\\\/ms-potter\\\/#primaryimage\"},\"thumbnailUrl\":\"https:\\\/\\\/rutherfordclassical.org\\\/wp-content\\\/uploads\\\/2025\\\/10\\\/POTTER.png\",\"datePublished\":\"2024-07-18T00:39:28+00:00\",\"dateModified\":\"2025-11-25T17:21:48+00:00\",\"breadcrumb\":{\"@id\":\"https:\\\/\\\/rutherfordclassical.org\\\/faculty-and-staff\\\/ms-potter\\\/#breadcrumb\"},\"inLanguage\":\"es\",\"potentialAction\":[{\"@type\":\"ReadAction\",\"target\":[\"https:\\\/\\\/rutherfordclassical.org\\\/faculty-and-staff\\\/ms-potter\\\/\"]}]},{\"@type\":\"ImageObject\",\"inLanguage\":\"es\",\"@id\":\"https:\\\/\\\/rutherfordclassical.org\\\/faculty-and-staff\\\/ms-potter\\\/#primaryimage\",\"url\":\"https:\\\/\\\/rutherfordclassical.org\\\/wp-content\\\/uploads\\\/2025\\\/10\\\/POTTER.png\",\"contentUrl\":\"https:\\\/\\\/rutherfordclassical.org\\\/wp-content\\\/uploads\\\/2025\\\/10\\\/POTTER.png\"},{\"@type\":\"BreadcrumbList\",\"@id\":\"https:\\\/\\\/rutherfordclassical.org\\\/faculty-and-staff\\\/ms-potter\\\/#breadcrumb\",\"itemListElement\":[{\"@type\":\"ListItem\",\"position\":1,\"name\":\"Home\",\"item\":\"https:\\\/\\\/rutherfordclassical.org\\\/\"},{\"@type\":\"ListItem\",\"position\":2,\"name\":\"Faculty and Staff\",\"item\":\"https:\\\/\\\/rutherfordclassical.org\\\/faculty-and-staff\\\/\"},{\"@type\":\"ListItem\",\"position\":3,\"name\":\"Ms. Potter\u200b\"}]},{\"@type\":\"WebSite\",\"@id\":\"https:\\\/\\\/kba.790.myftpupload.com\\\/#website\",\"url\":\"https:\\\/\\\/kba.790.myftpupload.com\\\/\",\"name\":\"American Classical Academy Rutherford\",\"description\":\"\",\"potentialAction\":[{\"@type\":\"SearchAction\",\"target\":{\"@type\":\"EntryPoint\",\"urlTemplate\":\"https:\\\/\\\/kba.790.myftpupload.com\\\/?s={search_term_string}\"},\"query-input\":{\"@type\":\"PropertyValueSpecification\",\"valueRequired\":true,\"valueName\":\"search_term_string\"}}],\"inLanguage\":\"es\"}]}<\/script>\n<!-- \/ Yoast SEO plugin. -->","yoast_head_json":{"title":"Sra. Potter - Academia Cl\u00e1sica Americana Rutherford","robots":{"index":"index","follow":"follow","max-snippet":"max-snippet:-1","max-image-preview":"max-image-preview:large","max-video-preview":"max-video-preview:-1"},"canonical":"https:\/\/rutherfordclassical.org\/es\/faculty-and-staff\/ms-potter\/","og_locale":"es_MX","og_type":"article","og_title":"Ms. Potter\u200b - American Classical Academy Rutherford","og_description":"Ms. Potter\u200b First Grade Teacher\u200b Portia Potter is a new teacher eager to inspire young minds at the American Classical Academy Rutherford (Rutherford County, Tennessee).&nbsp; Ms. Potter is a Nashville [&hellip;]","og_url":"https:\/\/rutherfordclassical.org\/es\/faculty-and-staff\/ms-potter\/","og_site_name":"American Classical Academy Rutherford","article_modified_time":"2025-11-25T17:21:48+00:00","og_image":[{"width":600,"height":900,"url":"https:\/\/rutherfordclassical.org\/wp-content\/uploads\/2025\/10\/POTTER.png","type":"image\/png"}],"twitter_card":"summary_large_image","twitter_misc":{"Tiempo de lectura":"2 minutos"},"schema":{"@context":"https:\/\/schema.org","@graph":[{"@type":"WebPage","@id":"https:\/\/rutherfordclassical.org\/faculty-and-staff\/ms-potter\/","url":"https:\/\/rutherfordclassical.org\/faculty-and-staff\/ms-potter\/","name":"Sra. Potter - Academia Cl\u00e1sica Americana Rutherford","isPartOf":{"@id":"https:\/\/kba.790.myftpupload.com\/#website"},"primaryImageOfPage":{"@id":"https:\/\/rutherfordclassical.org\/faculty-and-staff\/ms-potter\/#primaryimage"},"image":{"@id":"https:\/\/rutherfordclassical.org\/faculty-and-staff\/ms-potter\/#primaryimage"},"thumbnailUrl":"https:\/\/rutherfordclassical.org\/wp-content\/uploads\/2025\/10\/POTTER.png","datePublished":"2024-07-18T00:39:28+00:00","dateModified":"2025-11-25T17:21:48+00:00","breadcrumb":{"@id":"https:\/\/rutherfordclassical.org\/faculty-and-staff\/ms-potter\/#breadcrumb"},"inLanguage":"es","potentialAction":[{"@type":"ReadAction","target":["https:\/\/rutherfordclassical.org\/faculty-and-staff\/ms-potter\/"]}]},{"@type":"ImageObject","inLanguage":"es","@id":"https:\/\/rutherfordclassical.org\/faculty-and-staff\/ms-potter\/#primaryimage","url":"https:\/\/rutherfordclassical.org\/wp-content\/uploads\/2025\/10\/POTTER.png","contentUrl":"https:\/\/rutherfordclassical.org\/wp-content\/uploads\/2025\/10\/POTTER.png"},{"@type":"BreadcrumbList","@id":"https:\/\/rutherfordclassical.org\/faculty-and-staff\/ms-potter\/#breadcrumb","itemListElement":[{"@type":"ListItem","position":1,"name":"Home","item":"https:\/\/rutherfordclassical.org\/"},{"@type":"ListItem","position":2,"name":"Faculty and Staff","item":"https:\/\/rutherfordclassical.org\/faculty-and-staff\/"},{"@type":"ListItem","position":3,"name":"Ms. Potter\u200b"}]},{"@type":"WebSite","@id":"https:\/\/kba.790.myftpupload.com\/#website","url":"https:\/\/kba.790.myftpupload.com\/","name":"Academia Cl\u00e1sica Americana Rutherford","description":"","potentialAction":[{"@type":"SearchAction","target":{"@type":"EntryPoint","urlTemplate":"https:\/\/kba.790.myftpupload.com\/?s={search_term_string}"},"query-input":{"@type":"PropertyValueSpecification","valueRequired":true,"valueName":"search_term_string"}}],"inLanguage":"es"}]}},"_links":{"self":[{"href":"https:\/\/rutherfordclassical.org\/es\/wp-json\/wp\/v2\/pages\/1381","targetHints":{"allow":["GET"]}}],"collection":[{"href":"https:\/\/rutherfordclassical.org\/es\/wp-json\/wp\/v2\/pages"}],"about":[{"href":"https:\/\/rutherfordclassical.org\/es\/wp-json\/wp\/v2\/types\/page"}],"author":[{"embeddable":true,"href":"https:\/\/rutherfordclassical.org\/es\/wp-json\/wp\/v2\/users\/2"}],"replies":[{"embeddable":true,"href":"https:\/\/rutherfordclassical.org\/es\/wp-json\/wp\/v2\/comments?post=1381"}],"version-history":[{"count":0,"href":"https:\/\/rutherfordclassical.org\/es\/wp-json\/wp\/v2\/pages\/1381\/revisions"}],"up":[{"embeddable":true,"href":"https:\/\/rutherfordclassical.org\/es\/wp-json\/wp\/v2\/pages\/1170"}],"wp:attachment":[{"href":"https:\/\/rutherfordclassical.org\/es\/wp-json\/wp\/v2\/media?parent=1381"}],"curies":[{"name":"wp","href":"https:\/\/api.w.org\/{rel}","templated":true}]}}