{"id":1414,"date":"2024-07-18T01:11:13","date_gmt":"2024-07-18T01:11:13","guid":{"rendered":"https:\/\/rutherfordclassical.org\/?page_id=1414"},"modified":"2026-01-09T22:01:35","modified_gmt":"2026-01-09T22:01:35","slug":"mr-beck","status":"publish","type":"page","link":"https:\/\/rutherfordclassical.org\/es\/faculty-and-staff\/mr-beck\/","title":{"rendered":"Sr. Beck"},"content":{"rendered":"<div data-elementor-type=\"wp-page\" data-elementor-id=\"1414\" class=\"elementor elementor-1414\" data-elementor-post-type=\"page\">\n\t\t\t\t<div class=\"elementor-element elementor-element-f46e6a0 e-flex e-con-boxed e-con e-parent\" data-id=\"f46e6a0\" data-element_type=\"container\" data-e-type=\"container\">\n\t\t\t\t\t<div class=\"e-con-inner\">\n\t\t\t\t<div class=\"elementor-element elementor-element-5700ab2 elementor-widget elementor-widget-spacer\" data-id=\"5700ab2\" data-element_type=\"widget\" data-e-type=\"widget\" data-widget_type=\"spacer.default\">\n\t\t\t\t<div class=\"elementor-widget-container\">\n\t\t\t\t\t\t\t<div class=\"elementor-spacer\">\n\t\t\t<div class=\"elementor-spacer-inner\"><\/div>\n\t\t<\/div>\n\t\t\t\t\t\t<\/div>\n\t\t\t\t<\/div>\n\t\t\t\t\t<\/div>\n\t\t\t\t<\/div>\n\t\t<div class=\"elementor-element elementor-element-796a4d5 e-flex e-con-boxed e-con e-parent\" data-id=\"796a4d5\" data-element_type=\"container\" data-e-type=\"container\">\n\t\t\t\t\t<div class=\"e-con-inner\">\n\t\t<div class=\"elementor-element elementor-element-1bd90b1 e-con-full e-flex e-con e-child\" data-id=\"1bd90b1\" data-element_type=\"container\" data-e-type=\"container\">\n\t\t\t\t<div class=\"elementor-element elementor-element-a237a38 elementor-widget elementor-widget-image\" data-id=\"a237a38\" data-element_type=\"widget\" data-e-type=\"widget\" data-widget_type=\"image.default\">\n\t\t\t\t<div class=\"elementor-widget-container\">\n\t\t\t\t\t\t\t\t\t\t\t\t\t\t\t<img fetchpriority=\"high\" decoding=\"async\" width=\"800\" height=\"972\" src=\"https:\/\/rutherfordclassical.org\/wp-content\/uploads\/2024\/07\/Allen-Beck-jpeg-843x1024.jpg\" class=\"attachment-large size-large wp-image-1413\" alt=\"\" srcset=\"https:\/\/rutherfordclassical.org\/wp-content\/uploads\/2024\/07\/Allen-Beck-jpeg-843x1024.jpg 843w, https:\/\/rutherfordclassical.org\/wp-content\/uploads\/2024\/07\/Allen-Beck-jpeg-247x300.jpg 247w, https:\/\/rutherfordclassical.org\/wp-content\/uploads\/2024\/07\/Allen-Beck-jpeg-768x933.jpg 768w, https:\/\/rutherfordclassical.org\/wp-content\/uploads\/2024\/07\/Allen-Beck-jpeg-1265x1536.jpg 1265w, https:\/\/rutherfordclassical.org\/wp-content\/uploads\/2024\/07\/Allen-Beck-jpeg-1686x2048.jpg 1686w, https:\/\/rutherfordclassical.org\/wp-content\/uploads\/2024\/07\/Allen-Beck-jpeg-10x12.jpg 10w\" sizes=\"(max-width: 800px) 100vw, 800px\" \/>\t\t\t\t\t\t\t\t\t\t\t\t\t\t\t<\/div>\n\t\t\t\t<\/div>\n\t\t\t\t<\/div>\n\t\t<div class=\"elementor-element elementor-element-f0c9109 e-con-full e-flex e-con e-child\" data-id=\"f0c9109\" data-element_type=\"container\" data-e-type=\"container\">\n\t\t\t\t<div class=\"elementor-element elementor-element-513c9c0 elementor-widget elementor-widget-text-editor\" data-id=\"513c9c0\" data-element_type=\"widget\" data-e-type=\"widget\" data-widget_type=\"text-editor.default\">\n\t\t\t\t<div class=\"elementor-widget-container\">\n\t\t\t\t\t\t\t\t\t<h1>Dr. Beck, PhD, MBA<\/h1>\t\t\t\t\t\t\t\t<\/div>\n\t\t\t\t<\/div>\n\t\t\t\t<div class=\"elementor-element elementor-element-7304b3a elementor-widget elementor-widget-text-editor\" data-id=\"7304b3a\" data-element_type=\"widget\" data-e-type=\"widget\" data-widget_type=\"text-editor.default\">\n\t\t\t\t<div class=\"elementor-widget-container\">\n\t\t\t\t\t\t\t\t\t<p>Director interino de la escuela<\/p>\t\t\t\t\t\t\t\t<\/div>\n\t\t\t\t<\/div>\n\t\t\t\t<div class=\"elementor-element elementor-element-dab529f elementor-widget elementor-widget-text-editor\" data-id=\"dab529f\" data-element_type=\"widget\" data-e-type=\"widget\" data-widget_type=\"text-editor.default\">\n\t\t\t\t<div class=\"elementor-widget-container\">\n\t\t\t\t\t\t\t\t\t<p>Allen Beck fue nombrado director interino de la escuela en diciembre de 2025. Su nombramiento se prolongar\u00e1 hasta junio de 2026, cuando se nombrar\u00e1 a un director permanente.<\/p><p>Originario de Canad\u00e1, el Dr. Beck emigr\u00f3 a los Estados Unidos en 1998 y obtuvo la ciudadan\u00eda estadounidense en 2008. El Dr. Beck tiene una dilatada trayectoria en el \u00e1mbito de los negocios internacionales, ya que ha vivido y trabajado en varios pa\u00edses de los cinco continentes. Sus experiencias interculturales le han sido de gran utilidad durante los \u00faltimos 50 a\u00f1os en puestos de gesti\u00f3n y direcci\u00f3n, as\u00ed como en la puesta en marcha de negocios en m\u00faltiples sectores, la consultor\u00eda, el coaching y la mentor\u00eda de personas y en el desarrollo de equipos de liderazgo.<\/p><p>El Dr. Beck tiene una licenciatura y un MBA de la Universidad Estatal de Arizona, en Tempe, Arizona. Sus estudios de doctorado incluyen psicolog\u00eda organizacional y psicolog\u00eda conductual de la Universidad Grand Canyon, en Phoenix, Arizona.<\/p><p>La afiliaci\u00f3n inicial del Dr. Beck con la American Classical Academy Rutherford como maestro de cuarto grado en el primer a\u00f1o escolar de ACAR, 2024\/25. Amante de la ense\u00f1anza en muchos niveles de desarrollo y verdadero aprendiz de por vida, el Dr. Beck aporta a\u00f1os de desarrollo personal y una b\u00fasqueda de iniciativas organizativas y conductuales al cargo de director de la American Classical Academy Rutherford.<\/p>\t\t\t\t\t\t\t\t<\/div>\n\t\t\t\t<\/div>\n\t\t\t\t<\/div>\n\t\t\t\t\t<\/div>\n\t\t\t\t<\/div>\n\t\t<div class=\"elementor-element elementor-element-9911af1 e-flex e-con-boxed e-con e-parent\" data-id=\"9911af1\" data-element_type=\"container\" data-e-type=\"container\">\n\t\t\t\t\t<div class=\"e-con-inner\">\n\t\t\t\t<div class=\"elementor-element elementor-element-1313933 elementor-widget elementor-widget-spacer\" data-id=\"1313933\" data-element_type=\"widget\" data-e-type=\"widget\" data-widget_type=\"spacer.default\">\n\t\t\t\t<div class=\"elementor-widget-container\">\n\t\t\t\t\t\t\t<div class=\"elementor-spacer\">\n\t\t\t<div class=\"elementor-spacer-inner\"><\/div>\n\t\t<\/div>\n\t\t\t\t\t\t<\/div>\n\t\t\t\t<\/div>\n\t\t\t\t\t<\/div>\n\t\t\t\t<\/div>\n\t\t\t\t<section class=\"elementor-section elementor-top-section elementor-element elementor-element-bdcb8b3 elementor-section-height-min-height elementor-section-boxed elementor-section-height-default elementor-section-items-middle\" data-id=\"bdcb8b3\" data-element_type=\"section\" data-e-type=\"section\" data-settings=\"{&quot;background_background&quot;:&quot;classic&quot;}\">\n\t\t\t\t\t\t\t<div class=\"elementor-background-overlay\"><\/div>\n\t\t\t\t\t\t\t<div class=\"elementor-container elementor-column-gap-default\">\n\t\t\t\t\t<div class=\"elementor-column elementor-col-100 elementor-top-column elementor-element elementor-element-85fc35f\" data-id=\"85fc35f\" data-element_type=\"column\" data-e-type=\"column\">\n\t\t\t<div class=\"elementor-widget-wrap elementor-element-populated\">\n\t\t\t\t\t\t<div class=\"elementor-element elementor-element-d8eaebc elementor-widget elementor-widget-heading\" data-id=\"d8eaebc\" data-element_type=\"widget\" data-e-type=\"widget\" data-widget_type=\"heading.default\">\n\t\t\t\t<div class=\"elementor-widget-container\">\n\t\t\t\t\t<h2 class=\"elementor-heading-title elementor-size-default\">Una educaci\u00f3n cl\u00e1sica americana<\/h2>\t\t\t\t<\/div>\n\t\t\t\t<\/div>\n\t\t\t\t<div class=\"elementor-element elementor-element-33e732d elementor-widget elementor-widget-text-editor\" data-id=\"33e732d\" data-element_type=\"widget\" data-e-type=\"widget\" data-widget_type=\"text-editor.default\">\n\t\t\t\t<div class=\"elementor-widget-container\">\n\t\t\t\t\t\t\t\t\t<p class=\"p1\">Nuestro plan de estudios hace especial hincapi\u00e9 en el lenguaje, las asignaturas ricas en contenido, una s\u00f3lida base de conocimientos fundamentales y una exploraci\u00f3n en profundidad del legado hist\u00f3rico, literario y cient\u00edfico tanto de Estados Unidos como de la civilizaci\u00f3n occidental.\u00a0<\/p>\t\t\t\t\t\t\t\t<\/div>\n\t\t\t\t<\/div>\n\t\t\t\t<div class=\"elementor-element elementor-element-f35d643 elementor-widget elementor-widget-jkit_button\" data-id=\"f35d643\" data-element_type=\"widget\" data-e-type=\"widget\" data-widget_type=\"jkit_button.default\">\n\t\t\t\t<div class=\"elementor-widget-container\">\n\t\t\t\t\t<div  class=\"jeg-elementor-kit jkit-button  icon-position-before jeg_module___69f633391be62\" ><a href=\"https:\/\/rutherfordclassical.org\/es\/careers\/\" class=\"jkit-button-wrapper\" target=\"_blank\">SOLICITAR AHORA<\/a><\/div>\t\t\t\t<\/div>\n\t\t\t\t<\/div>\n\t\t\t\t\t<\/div>\n\t\t<\/div>\n\t\t\t\t\t<\/div>\n\t\t<\/section>\n\t\t\t\t<\/div>","protected":false},"excerpt":{"rendered":"<p>Dr. Beck, PhD, MBA Interim Head of School Allen Beck was appointed interim Head of School in December 2025. His appointment will extend through June of 2026 when a permanent [&hellip;]<\/p>\n","protected":false},"author":2,"featured_media":0,"parent":1170,"menu_order":0,"comment_status":"closed","ping_status":"closed","template":"","meta":{"_coblocks_attr":"","_coblocks_dimensions":"","_coblocks_responsive_height":"","_coblocks_accordion_ie_support":"","_mo_disable_npp":"","footnotes":""},"class_list":["post-1414","page","type-page","status-publish","hentry"],"yoast_head":"<!-- This site is optimized with the Yoast SEO plugin v27.5 - https:\/\/yoast.com\/product\/yoast-seo-wordpress\/ -->\n<title>Mr. Beck\u200b - American Classical Academy Rutherford<\/title>\n<meta name=\"robots\" content=\"index, follow, max-snippet:-1, max-image-preview:large, max-video-preview:-1\" \/>\n<link rel=\"canonical\" href=\"https:\/\/rutherfordclassical.org\/es\/faculty-and-staff\/mr-beck\/\" \/>\n<meta property=\"og:locale\" content=\"es_MX\" \/>\n<meta property=\"og:type\" content=\"article\" \/>\n<meta property=\"og:title\" content=\"Mr. Beck\u200b - American Classical Academy Rutherford\" \/>\n<meta property=\"og:description\" content=\"Dr. Beck, PhD, MBA Interim Head of School Allen Beck was appointed interim Head of School in December 2025. His appointment will extend through June of 2026 when a permanent [&hellip;]\" \/>\n<meta property=\"og:url\" content=\"https:\/\/rutherfordclassical.org\/es\/faculty-and-staff\/mr-beck\/\" \/>\n<meta property=\"og:site_name\" content=\"American Classical Academy Rutherford\" \/>\n<meta property=\"article:modified_time\" content=\"2026-01-09T22:01:35+00:00\" \/>\n<meta property=\"og:image\" content=\"https:\/\/rutherfordclassical.org\/wp-content\/uploads\/2024\/07\/Allen-Beck-jpeg.jpg\" \/>\n\t<meta property=\"og:image:width\" content=\"2108\" \/>\n\t<meta property=\"og:image:height\" content=\"2560\" \/>\n\t<meta property=\"og:image:type\" content=\"image\/jpeg\" \/>\n<meta name=\"twitter:card\" content=\"summary_large_image\" \/>\n<meta name=\"twitter:label1\" content=\"Tiempo de lectura\" \/>\n\t<meta name=\"twitter:data1\" content=\"2 minutos\" \/>\n<script type=\"application\/ld+json\" class=\"yoast-schema-graph\">{\"@context\":\"https:\\\/\\\/schema.org\",\"@graph\":[{\"@type\":\"WebPage\",\"@id\":\"https:\\\/\\\/rutherfordclassical.org\\\/faculty-and-staff\\\/mr-beck\\\/\",\"url\":\"https:\\\/\\\/rutherfordclassical.org\\\/faculty-and-staff\\\/mr-beck\\\/\",\"name\":\"Mr. Beck\u200b - American Classical Academy Rutherford\",\"isPartOf\":{\"@id\":\"https:\\\/\\\/kba.790.myftpupload.com\\\/#website\"},\"primaryImageOfPage\":{\"@id\":\"https:\\\/\\\/rutherfordclassical.org\\\/faculty-and-staff\\\/mr-beck\\\/#primaryimage\"},\"image\":{\"@id\":\"https:\\\/\\\/rutherfordclassical.org\\\/faculty-and-staff\\\/mr-beck\\\/#primaryimage\"},\"thumbnailUrl\":\"https:\\\/\\\/rutherfordclassical.org\\\/wp-content\\\/uploads\\\/2024\\\/07\\\/Allen-Beck-jpeg-843x1024.jpg\",\"datePublished\":\"2024-07-18T01:11:13+00:00\",\"dateModified\":\"2026-01-09T22:01:35+00:00\",\"breadcrumb\":{\"@id\":\"https:\\\/\\\/rutherfordclassical.org\\\/faculty-and-staff\\\/mr-beck\\\/#breadcrumb\"},\"inLanguage\":\"es\",\"potentialAction\":[{\"@type\":\"ReadAction\",\"target\":[\"https:\\\/\\\/rutherfordclassical.org\\\/faculty-and-staff\\\/mr-beck\\\/\"]}]},{\"@type\":\"ImageObject\",\"inLanguage\":\"es\",\"@id\":\"https:\\\/\\\/rutherfordclassical.org\\\/faculty-and-staff\\\/mr-beck\\\/#primaryimage\",\"url\":\"https:\\\/\\\/rutherfordclassical.org\\\/wp-content\\\/uploads\\\/2024\\\/07\\\/Allen-Beck-jpeg-843x1024.jpg\",\"contentUrl\":\"https:\\\/\\\/rutherfordclassical.org\\\/wp-content\\\/uploads\\\/2024\\\/07\\\/Allen-Beck-jpeg-843x1024.jpg\"},{\"@type\":\"BreadcrumbList\",\"@id\":\"https:\\\/\\\/rutherfordclassical.org\\\/faculty-and-staff\\\/mr-beck\\\/#breadcrumb\",\"itemListElement\":[{\"@type\":\"ListItem\",\"position\":1,\"name\":\"Home\",\"item\":\"https:\\\/\\\/rutherfordclassical.org\\\/\"},{\"@type\":\"ListItem\",\"position\":2,\"name\":\"Faculty and Staff\",\"item\":\"https:\\\/\\\/rutherfordclassical.org\\\/faculty-and-staff\\\/\"},{\"@type\":\"ListItem\",\"position\":3,\"name\":\"Mr. Beck\u200b\"}]},{\"@type\":\"WebSite\",\"@id\":\"https:\\\/\\\/kba.790.myftpupload.com\\\/#website\",\"url\":\"https:\\\/\\\/kba.790.myftpupload.com\\\/\",\"name\":\"American Classical Academy Rutherford\",\"description\":\"\",\"potentialAction\":[{\"@type\":\"SearchAction\",\"target\":{\"@type\":\"EntryPoint\",\"urlTemplate\":\"https:\\\/\\\/kba.790.myftpupload.com\\\/?s={search_term_string}\"},\"query-input\":{\"@type\":\"PropertyValueSpecification\",\"valueRequired\":true,\"valueName\":\"search_term_string\"}}],\"inLanguage\":\"es\"}]}<\/script>\n<!-- \/ Yoast SEO plugin. -->","yoast_head_json":{"title":"Sr. Beck - Academia Cl\u00e1sica Americana Rutherford","robots":{"index":"index","follow":"follow","max-snippet":"max-snippet:-1","max-image-preview":"max-image-preview:large","max-video-preview":"max-video-preview:-1"},"canonical":"https:\/\/rutherfordclassical.org\/es\/faculty-and-staff\/mr-beck\/","og_locale":"es_MX","og_type":"article","og_title":"Mr. Beck\u200b - American Classical Academy Rutherford","og_description":"Dr. Beck, PhD, MBA Interim Head of School Allen Beck was appointed interim Head of School in December 2025. His appointment will extend through June of 2026 when a permanent [&hellip;]","og_url":"https:\/\/rutherfordclassical.org\/es\/faculty-and-staff\/mr-beck\/","og_site_name":"American Classical Academy Rutherford","article_modified_time":"2026-01-09T22:01:35+00:00","og_image":[{"width":2108,"height":2560,"url":"https:\/\/rutherfordclassical.org\/wp-content\/uploads\/2024\/07\/Allen-Beck-jpeg.jpg","type":"image\/jpeg"}],"twitter_card":"summary_large_image","twitter_misc":{"Tiempo de lectura":"2 minutos"},"schema":{"@context":"https:\/\/schema.org","@graph":[{"@type":"WebPage","@id":"https:\/\/rutherfordclassical.org\/faculty-and-staff\/mr-beck\/","url":"https:\/\/rutherfordclassical.org\/faculty-and-staff\/mr-beck\/","name":"Sr. Beck - Academia Cl\u00e1sica Americana Rutherford","isPartOf":{"@id":"https:\/\/kba.790.myftpupload.com\/#website"},"primaryImageOfPage":{"@id":"https:\/\/rutherfordclassical.org\/faculty-and-staff\/mr-beck\/#primaryimage"},"image":{"@id":"https:\/\/rutherfordclassical.org\/faculty-and-staff\/mr-beck\/#primaryimage"},"thumbnailUrl":"https:\/\/rutherfordclassical.org\/wp-content\/uploads\/2024\/07\/Allen-Beck-jpeg-843x1024.jpg","datePublished":"2024-07-18T01:11:13+00:00","dateModified":"2026-01-09T22:01:35+00:00","breadcrumb":{"@id":"https:\/\/rutherfordclassical.org\/faculty-and-staff\/mr-beck\/#breadcrumb"},"inLanguage":"es","potentialAction":[{"@type":"ReadAction","target":["https:\/\/rutherfordclassical.org\/faculty-and-staff\/mr-beck\/"]}]},{"@type":"ImageObject","inLanguage":"es","@id":"https:\/\/rutherfordclassical.org\/faculty-and-staff\/mr-beck\/#primaryimage","url":"https:\/\/rutherfordclassical.org\/wp-content\/uploads\/2024\/07\/Allen-Beck-jpeg-843x1024.jpg","contentUrl":"https:\/\/rutherfordclassical.org\/wp-content\/uploads\/2024\/07\/Allen-Beck-jpeg-843x1024.jpg"},{"@type":"BreadcrumbList","@id":"https:\/\/rutherfordclassical.org\/faculty-and-staff\/mr-beck\/#breadcrumb","itemListElement":[{"@type":"ListItem","position":1,"name":"Home","item":"https:\/\/rutherfordclassical.org\/"},{"@type":"ListItem","position":2,"name":"Faculty and Staff","item":"https:\/\/rutherfordclassical.org\/faculty-and-staff\/"},{"@type":"ListItem","position":3,"name":"Mr. Beck\u200b"}]},{"@type":"WebSite","@id":"https:\/\/kba.790.myftpupload.com\/#website","url":"https:\/\/kba.790.myftpupload.com\/","name":"Academia Cl\u00e1sica Americana Rutherford","description":"","potentialAction":[{"@type":"SearchAction","target":{"@type":"EntryPoint","urlTemplate":"https:\/\/kba.790.myftpupload.com\/?s={search_term_string}"},"query-input":{"@type":"PropertyValueSpecification","valueRequired":true,"valueName":"search_term_string"}}],"inLanguage":"es"}]}},"_links":{"self":[{"href":"https:\/\/rutherfordclassical.org\/es\/wp-json\/wp\/v2\/pages\/1414","targetHints":{"allow":["GET"]}}],"collection":[{"href":"https:\/\/rutherfordclassical.org\/es\/wp-json\/wp\/v2\/pages"}],"about":[{"href":"https:\/\/rutherfordclassical.org\/es\/wp-json\/wp\/v2\/types\/page"}],"author":[{"embeddable":true,"href":"https:\/\/rutherfordclassical.org\/es\/wp-json\/wp\/v2\/users\/2"}],"replies":[{"embeddable":true,"href":"https:\/\/rutherfordclassical.org\/es\/wp-json\/wp\/v2\/comments?post=1414"}],"version-history":[{"count":3,"href":"https:\/\/rutherfordclassical.org\/es\/wp-json\/wp\/v2\/pages\/1414\/revisions"}],"predecessor-version":[{"id":3890,"href":"https:\/\/rutherfordclassical.org\/es\/wp-json\/wp\/v2\/pages\/1414\/revisions\/3890"}],"up":[{"embeddable":true,"href":"https:\/\/rutherfordclassical.org\/es\/wp-json\/wp\/v2\/pages\/1170"}],"wp:attachment":[{"href":"https:\/\/rutherfordclassical.org\/es\/wp-json\/wp\/v2\/media?parent=1414"}],"curies":[{"name":"wp","href":"https:\/\/api.w.org\/{rel}","templated":true}]}}