{"id":1754,"date":"2024-09-11T00:47:14","date_gmt":"2024-09-11T00:47:14","guid":{"rendered":"https:\/\/rutherfordclassical.org\/?page_id=1754"},"modified":"2026-04-28T15:14:24","modified_gmt":"2026-04-28T15:14:24","slug":"coffee-with-the-head-of-school","status":"publish","type":"page","link":"https:\/\/rutherfordclassical.org\/es\/coffee-with-the-head-of-school\/","title":{"rendered":"Caf\u00e9 con el Director de la Escuela"},"content":{"rendered":"<div data-elementor-type=\"wp-page\" data-elementor-id=\"1754\" class=\"elementor elementor-1754\" data-elementor-post-type=\"page\">\n\t\t\t\t\t\t<section class=\"elementor-section elementor-top-section elementor-element elementor-element-1e7c115 elementor-section-content-middle elementor-section-boxed elementor-section-height-default elementor-section-height-default\" data-id=\"1e7c115\" data-element_type=\"section\" data-e-type=\"section\" data-settings=\"{&quot;background_background&quot;:&quot;classic&quot;}\">\n\t\t\t\t\t\t\t<div class=\"elementor-background-overlay\"><\/div>\n\t\t\t\t\t\t\t<div class=\"elementor-container elementor-column-gap-default\">\n\t\t\t\t\t<div class=\"elementor-column elementor-col-50 elementor-top-column elementor-element elementor-element-0b26cc4\" data-id=\"0b26cc4\" data-element_type=\"column\" data-e-type=\"column\" data-settings=\"{&quot;background_background&quot;:&quot;classic&quot;}\">\n\t\t\t<div class=\"elementor-widget-wrap elementor-element-populated\">\n\t\t\t\t\t\t<div class=\"elementor-element elementor-element-1684960 elementor-widget elementor-widget-heading\" data-id=\"1684960\" data-element_type=\"widget\" data-e-type=\"widget\" data-widget_type=\"heading.default\">\n\t\t\t\t<div class=\"elementor-widget-container\">\n\t\t\t\t\t<div class=\"elementor-heading-title elementor-size-default\">FAMILIAS ACTUALES<\/div>\t\t\t\t<\/div>\n\t\t\t\t<\/div>\n\t\t\t\t<div class=\"elementor-element elementor-element-b701675 elementor-widget elementor-widget-heading\" data-id=\"b701675\" data-element_type=\"widget\" data-e-type=\"widget\" data-widget_type=\"heading.default\">\n\t\t\t\t<div class=\"elementor-widget-container\">\n\t\t\t\t\t<h1 class=\"elementor-heading-title elementor-size-default\">Caf\u00e9 con el Director de la Escuela<\/h1>\t\t\t\t<\/div>\n\t\t\t\t<\/div>\n\t\t\t\t\t<\/div>\n\t\t<\/div>\n\t\t\t\t<div class=\"elementor-column elementor-col-50 elementor-top-column elementor-element elementor-element-8ce1d05 elementor-hidden-tablet elementor-hidden-phone\" data-id=\"8ce1d05\" data-element_type=\"column\" data-e-type=\"column\">\n\t\t\t<div class=\"elementor-widget-wrap\">\n\t\t\t\t\t\t\t<\/div>\n\t\t<\/div>\n\t\t\t\t\t<\/div>\n\t\t<\/section>\n\t\t\t\t<section class=\"elementor-section elementor-top-section elementor-element elementor-element-ffbd9f5 elementor-section-content-middle elementor-reverse-tablet elementor-reverse-mobile elementor-section-full_width elementor-section-height-default elementor-section-height-default\" data-id=\"ffbd9f5\" data-element_type=\"section\" data-e-type=\"section\" data-settings=\"{&quot;background_background&quot;:&quot;classic&quot;}\">\n\t\t\t\t\t\t<div class=\"elementor-container elementor-column-gap-default\">\n\t\t\t\t\t<div class=\"elementor-column elementor-col-100 elementor-top-column elementor-element elementor-element-9da8ad7\" data-id=\"9da8ad7\" data-element_type=\"column\" data-e-type=\"column\" data-settings=\"{&quot;background_background&quot;:&quot;classic&quot;}\">\n\t\t\t<div class=\"elementor-widget-wrap elementor-element-populated\">\n\t\t\t\t\t\t<div class=\"elementor-element elementor-element-9c7791f elementor-widget-mobile__width-initial elementor-widget elementor-widget-heading\" data-id=\"9c7791f\" data-element_type=\"widget\" data-e-type=\"widget\" data-widget_type=\"heading.default\">\n\t\t\t\t<div class=\"elementor-widget-container\">\n\t\t\t\t\t<h2 class=\"elementor-heading-title elementor-size-default\">Pr\u00f3ximos eventos<\/h2>\t\t\t\t<\/div>\n\t\t\t\t<\/div>\n\t\t\t\t<div class=\"elementor-element elementor-element-4852889 elementor-widget elementor-widget-text-editor\" data-id=\"4852889\" data-element_type=\"widget\" data-e-type=\"widget\" data-widget_type=\"text-editor.default\">\n\t\t\t\t<div class=\"elementor-widget-container\">\n\t\t\t\t\t\t\t\t\t<div><div dir=\"auto\">Invitamos a las familias actuales que quieren aprender m\u00e1s acerca de las \u00faltimas actualizaciones en American Classical Academy Rutherford.  Se ofrecer\u00e1 caf\u00e9 y pasteles.\u00a0<\/div><\/div>\t\t\t\t\t\t\t\t<\/div>\n\t\t\t\t<\/div>\n\t\t<div class=\"elementor-element elementor-element-ddb3abf e-flex e-con-boxed e-con e-parent\" data-id=\"ddb3abf\" data-element_type=\"container\" data-e-type=\"container\">\n\t\t\t\t\t<div class=\"e-con-inner\">\n\t\t\t\t<div class=\"elementor-element elementor-element-609226e elementor-widget elementor-widget-heading\" data-id=\"609226e\" data-element_type=\"widget\" data-e-type=\"widget\" data-widget_type=\"heading.default\">\n\t\t\t\t<div class=\"elementor-widget-container\">\n\t\t\t\t\t<h2 class=\"elementor-heading-title elementor-size-default\">Wednesday, May 13 (8:15-9:15 AM)<\/h2>\t\t\t\t<\/div>\n\t\t\t\t<\/div>\n\t\t\t\t<div class=\"elementor-element elementor-element-9d8f51f elementor-widget elementor-widget-text-editor\" data-id=\"9d8f51f\" data-element_type=\"widget\" data-e-type=\"widget\" data-widget_type=\"text-editor.default\">\n\t\t\t\t<div class=\"elementor-widget-container\">\n\t\t\t\t\t\t\t\t\t<p><span style=\"font-weight: bolder;\">Ubicaci\u00f3n: Cafeter\u00eda de la escuela<\/span><\/p>\t\t\t\t\t\t\t\t<\/div>\n\t\t\t\t<\/div>\n\t\t\t\t\t<\/div>\n\t\t\t\t<\/div>\n\t\t<div class=\"elementor-element elementor-element-5b6b537 e-flex e-con-boxed e-con e-parent\" data-id=\"5b6b537\" data-element_type=\"container\" data-e-type=\"container\">\n\t\t\t\t\t<div class=\"e-con-inner\">\n\t\t\t\t<div class=\"elementor-element elementor-element-938fbf5 elementor-widget elementor-widget-heading\" data-id=\"938fbf5\" data-element_type=\"widget\" data-e-type=\"widget\" data-widget_type=\"heading.default\">\n\t\t\t\t<div class=\"elementor-widget-container\">\n\t\t\t\t\t<h2 class=\"elementor-heading-title elementor-size-default\">Mi\u00e9rcoles, 12 de abril (8:15-9:15 AM)<\/h2>\t\t\t\t<\/div>\n\t\t\t\t<\/div>\n\t\t\t\t<div class=\"elementor-element elementor-element-ff62647 elementor-widget elementor-widget-text-editor\" data-id=\"ff62647\" data-element_type=\"widget\" data-e-type=\"widget\" data-widget_type=\"text-editor.default\">\n\t\t\t\t<div class=\"elementor-widget-container\">\n\t\t\t\t\t\t\t\t\t<p><span style=\"font-weight: bolder;\">Ubicaci\u00f3n: Cafeter\u00eda de la escuela<\/span><\/p>\t\t\t\t\t\t\t\t<\/div>\n\t\t\t\t<\/div>\n\t\t\t\t\t<\/div>\n\t\t\t\t<\/div>\n\t\t\t\t<div class=\"elementor-element elementor-element-1180df8 elementor-widget elementor-widget-heading\" data-id=\"1180df8\" data-element_type=\"widget\" data-e-type=\"widget\" data-widget_type=\"heading.default\">\n\t\t\t\t<div class=\"elementor-widget-container\">\n\t\t\t\t\t<h2 class=\"elementor-heading-title elementor-size-default\">Lunes, 9 de febrero (8:15-9:15 a. m.)<\/h2>\t\t\t\t<\/div>\n\t\t\t\t<\/div>\n\t\t\t\t<div class=\"elementor-element elementor-element-e4db057 elementor-widget elementor-widget-text-editor\" data-id=\"e4db057\" data-element_type=\"widget\" data-e-type=\"widget\" data-widget_type=\"text-editor.default\">\n\t\t\t\t<div class=\"elementor-widget-container\">\n\t\t\t\t\t\t\t\t\t<div class=\"xdj266r x11i5rnm xat24cr x1mh8g0r x1vvkbs x126k92a\"><div dir=\"auto\"><strong>Ubicaci\u00f3n: Cafeter\u00eda de la escuela<\/strong><\/div><\/div>\t\t\t\t\t\t\t\t<\/div>\n\t\t\t\t<\/div>\n\t\t\t\t<div class=\"elementor-element elementor-element-125c4bc elementor-widget-divider--view-line elementor-widget elementor-widget-divider\" data-id=\"125c4bc\" data-element_type=\"widget\" data-e-type=\"widget\" data-widget_type=\"divider.default\">\n\t\t\t\t<div class=\"elementor-widget-container\">\n\t\t\t\t\t\t\t<div class=\"elementor-divider\">\n\t\t\t<span class=\"elementor-divider-separator\">\n\t\t\t\t\t\t<\/span>\n\t\t<\/div>\n\t\t\t\t\t\t<\/div>\n\t\t\t\t<\/div>\n\t\t\t\t<div class=\"elementor-element elementor-element-b4eae96 elementor-widget elementor-widget-text-editor\" data-id=\"b4eae96\" data-element_type=\"widget\" data-e-type=\"widget\" data-widget_type=\"text-editor.default\">\n\t\t\t\t<div class=\"elementor-widget-container\">\n\t\t\t\t\t\t\t\t\t<div>\n<div dir=\"auto\">No es necesario inscribirse.<\/div>\n<\/div>\t\t\t\t\t\t\t\t<\/div>\n\t\t\t\t<\/div>\n\t\t\t\t\t<\/div>\n\t\t<\/div>\n\t\t\t\t\t<\/div>\n\t\t<\/section>\n\t\t\t\t<section class=\"elementor-section elementor-top-section elementor-element elementor-element-455f43a elementor-section-height-min-height elementor-section-boxed elementor-section-height-default elementor-section-items-middle\" data-id=\"455f43a\" data-element_type=\"section\" data-e-type=\"section\" data-settings=\"{&quot;background_background&quot;:&quot;classic&quot;}\">\n\t\t\t\t\t\t\t<div class=\"elementor-background-overlay\"><\/div>\n\t\t\t\t\t\t\t<div class=\"elementor-container elementor-column-gap-default\">\n\t\t\t\t\t<div class=\"elementor-column elementor-col-100 elementor-top-column elementor-element elementor-element-528d7ee\" data-id=\"528d7ee\" data-element_type=\"column\" data-e-type=\"column\">\n\t\t\t<div class=\"elementor-widget-wrap elementor-element-populated\">\n\t\t\t\t\t\t<div class=\"elementor-element elementor-element-1affc81 elementor-widget elementor-widget-heading\" data-id=\"1affc81\" data-element_type=\"widget\" data-e-type=\"widget\" data-widget_type=\"heading.default\">\n\t\t\t\t<div class=\"elementor-widget-container\">\n\t\t\t\t\t<h2 class=\"elementor-heading-title elementor-size-default\">\u00bfQu\u00e9 hace que American Classical Academy Rutherford sea \u00fanica?<\/h2>\t\t\t\t<\/div>\n\t\t\t\t<\/div>\n\t\t\t\t<div class=\"elementor-element elementor-element-f2d8497 elementor-widget elementor-widget-text-editor\" data-id=\"f2d8497\" data-element_type=\"widget\" data-e-type=\"widget\" data-widget_type=\"text-editor.default\">\n\t\t\t\t<div class=\"elementor-widget-container\">\n\t\t\t\t\t\t\t\t\t<p>Acomp\u00e1\u00f1enos en una visita semanal que se celebra todos los martes a las 9:00 y todos los mi\u00e9rcoles a las 13:00.\u00a0<\/p>\t\t\t\t\t\t\t\t<\/div>\n\t\t\t\t<\/div>\n\t\t\t\t<div class=\"elementor-element elementor-element-5d40c96 elementor-widget elementor-widget-jkit_button\" data-id=\"5d40c96\" data-element_type=\"widget\" data-e-type=\"widget\" data-widget_type=\"jkit_button.default\">\n\t\t\t\t<div class=\"elementor-widget-container\">\n\t\t\t\t\t<div  class=\"jeg-elementor-kit jkit-button  icon-position-before jeg_module___69f1731c84d57\" ><a href=\"https:\/\/rutherfordclassical.org\/es\/weekly-tours\/\" class=\"jkit-button-wrapper\">ASISTIR A LA VISITA ESCOLAR<\/a><\/div>\t\t\t\t<\/div>\n\t\t\t\t<\/div>\n\t\t\t\t\t<\/div>\n\t\t<\/div>\n\t\t\t\t\t<\/div>\n\t\t<\/section>\n\t\t\t\t<\/div>","protected":false},"excerpt":{"rendered":"<p>CURRENT FAMILIES Coffee with the Head of School Upcoming Events We invite current families who want to learn more about the latest updates at American Classical Academy Rutherford.\u00a0 Coffee and [&hellip;]<\/p>\n","protected":false},"author":2,"featured_media":0,"parent":0,"menu_order":0,"comment_status":"closed","ping_status":"closed","template":"","meta":{"_coblocks_attr":"","_coblocks_dimensions":"","_coblocks_responsive_height":"","_coblocks_accordion_ie_support":"","_mo_disable_npp":"","footnotes":""},"class_list":["post-1754","page","type-page","status-publish","hentry"],"yoast_head":"<!-- This site is optimized with the Yoast SEO plugin v27.5 - https:\/\/yoast.com\/product\/yoast-seo-wordpress\/ -->\n<title>Coffee with the Head of School - American Classical Academy Rutherford<\/title>\n<meta name=\"description\" content=\"Join Coffee with the Head of School to hear updates and learn what makes American Classical Academy Rutherford unique.\" \/>\n<meta name=\"robots\" content=\"index, follow, max-snippet:-1, max-image-preview:large, max-video-preview:-1\" \/>\n<link rel=\"canonical\" href=\"https:\/\/rutherfordclassical.org\/es\/coffee-with-the-head-of-school\/\" \/>\n<meta property=\"og:locale\" content=\"es_MX\" \/>\n<meta property=\"og:type\" content=\"article\" \/>\n<meta property=\"og:title\" content=\"Coffee with the Head of School - American Classical Academy Rutherford\" \/>\n<meta property=\"og:description\" content=\"Join Coffee with the Head of School to hear updates and learn what makes American Classical Academy Rutherford unique.\" \/>\n<meta property=\"og:url\" content=\"https:\/\/rutherfordclassical.org\/es\/coffee-with-the-head-of-school\/\" \/>\n<meta property=\"og:site_name\" content=\"American Classical Academy Rutherford\" \/>\n<meta property=\"article:modified_time\" content=\"2026-04-28T15:14:24+00:00\" \/>\n<meta name=\"twitter:card\" content=\"summary_large_image\" \/>\n<meta name=\"twitter:label1\" content=\"Tiempo de lectura\" \/>\n\t<meta name=\"twitter:data1\" content=\"1 minuto\" \/>\n<script type=\"application\/ld+json\" class=\"yoast-schema-graph\">{\"@context\":\"https:\\\/\\\/schema.org\",\"@graph\":[{\"@type\":\"WebPage\",\"@id\":\"https:\\\/\\\/rutherfordclassical.org\\\/coffee-with-the-head-of-school\\\/\",\"url\":\"https:\\\/\\\/rutherfordclassical.org\\\/coffee-with-the-head-of-school\\\/\",\"name\":\"Coffee with the Head of School - American Classical Academy Rutherford\",\"isPartOf\":{\"@id\":\"https:\\\/\\\/kba.790.myftpupload.com\\\/#website\"},\"datePublished\":\"2024-09-11T00:47:14+00:00\",\"dateModified\":\"2026-04-28T15:14:24+00:00\",\"description\":\"Join Coffee with the Head of School to hear updates and learn what makes American Classical Academy Rutherford unique.\",\"breadcrumb\":{\"@id\":\"https:\\\/\\\/rutherfordclassical.org\\\/coffee-with-the-head-of-school\\\/#breadcrumb\"},\"inLanguage\":\"es\",\"potentialAction\":[{\"@type\":\"ReadAction\",\"target\":[\"https:\\\/\\\/rutherfordclassical.org\\\/coffee-with-the-head-of-school\\\/\"]}]},{\"@type\":\"BreadcrumbList\",\"@id\":\"https:\\\/\\\/rutherfordclassical.org\\\/coffee-with-the-head-of-school\\\/#breadcrumb\",\"itemListElement\":[{\"@type\":\"ListItem\",\"position\":1,\"name\":\"Home\",\"item\":\"https:\\\/\\\/rutherfordclassical.org\\\/\"},{\"@type\":\"ListItem\",\"position\":2,\"name\":\"Coffee with the Head of School\"}]},{\"@type\":\"WebSite\",\"@id\":\"https:\\\/\\\/kba.790.myftpupload.com\\\/#website\",\"url\":\"https:\\\/\\\/kba.790.myftpupload.com\\\/\",\"name\":\"American Classical Academy Rutherford\",\"description\":\"\",\"potentialAction\":[{\"@type\":\"SearchAction\",\"target\":{\"@type\":\"EntryPoint\",\"urlTemplate\":\"https:\\\/\\\/kba.790.myftpupload.com\\\/?s={search_term_string}\"},\"query-input\":{\"@type\":\"PropertyValueSpecification\",\"valueRequired\":true,\"valueName\":\"search_term_string\"}}],\"inLanguage\":\"es\"}]}<\/script>\n<!-- \/ Yoast SEO plugin. -->","yoast_head_json":{"title":"Caf\u00e9 con el Director - American Classical Academy Rutherford","description":"Join Coffee with the Head of School to hear updates and learn what makes American Classical Academy Rutherford unique.","robots":{"index":"index","follow":"follow","max-snippet":"max-snippet:-1","max-image-preview":"max-image-preview:large","max-video-preview":"max-video-preview:-1"},"canonical":"https:\/\/rutherfordclassical.org\/es\/coffee-with-the-head-of-school\/","og_locale":"es_MX","og_type":"article","og_title":"Coffee with the Head of School - American Classical Academy Rutherford","og_description":"Join Coffee with the Head of School to hear updates and learn what makes American Classical Academy Rutherford unique.","og_url":"https:\/\/rutherfordclassical.org\/es\/coffee-with-the-head-of-school\/","og_site_name":"American Classical Academy Rutherford","article_modified_time":"2026-04-28T15:14:24+00:00","twitter_card":"summary_large_image","twitter_misc":{"Tiempo de lectura":"1 minuto"},"schema":{"@context":"https:\/\/schema.org","@graph":[{"@type":"WebPage","@id":"https:\/\/rutherfordclassical.org\/coffee-with-the-head-of-school\/","url":"https:\/\/rutherfordclassical.org\/coffee-with-the-head-of-school\/","name":"Caf\u00e9 con el Director - American Classical Academy Rutherford","isPartOf":{"@id":"https:\/\/kba.790.myftpupload.com\/#website"},"datePublished":"2024-09-11T00:47:14+00:00","dateModified":"2026-04-28T15:14:24+00:00","description":"Join Coffee with the Head of School to hear updates and learn what makes American Classical Academy Rutherford unique.","breadcrumb":{"@id":"https:\/\/rutherfordclassical.org\/coffee-with-the-head-of-school\/#breadcrumb"},"inLanguage":"es","potentialAction":[{"@type":"ReadAction","target":["https:\/\/rutherfordclassical.org\/coffee-with-the-head-of-school\/"]}]},{"@type":"BreadcrumbList","@id":"https:\/\/rutherfordclassical.org\/coffee-with-the-head-of-school\/#breadcrumb","itemListElement":[{"@type":"ListItem","position":1,"name":"Home","item":"https:\/\/rutherfordclassical.org\/"},{"@type":"ListItem","position":2,"name":"Coffee with the Head of School"}]},{"@type":"WebSite","@id":"https:\/\/kba.790.myftpupload.com\/#website","url":"https:\/\/kba.790.myftpupload.com\/","name":"Academia Cl\u00e1sica Americana Rutherford","description":"","potentialAction":[{"@type":"SearchAction","target":{"@type":"EntryPoint","urlTemplate":"https:\/\/kba.790.myftpupload.com\/?s={search_term_string}"},"query-input":{"@type":"PropertyValueSpecification","valueRequired":true,"valueName":"search_term_string"}}],"inLanguage":"es"}]}},"_links":{"self":[{"href":"https:\/\/rutherfordclassical.org\/es\/wp-json\/wp\/v2\/pages\/1754","targetHints":{"allow":["GET"]}}],"collection":[{"href":"https:\/\/rutherfordclassical.org\/es\/wp-json\/wp\/v2\/pages"}],"about":[{"href":"https:\/\/rutherfordclassical.org\/es\/wp-json\/wp\/v2\/types\/page"}],"author":[{"embeddable":true,"href":"https:\/\/rutherfordclassical.org\/es\/wp-json\/wp\/v2\/users\/2"}],"replies":[{"embeddable":true,"href":"https:\/\/rutherfordclassical.org\/es\/wp-json\/wp\/v2\/comments?post=1754"}],"version-history":[{"count":13,"href":"https:\/\/rutherfordclassical.org\/es\/wp-json\/wp\/v2\/pages\/1754\/revisions"}],"predecessor-version":[{"id":4107,"href":"https:\/\/rutherfordclassical.org\/es\/wp-json\/wp\/v2\/pages\/1754\/revisions\/4107"}],"wp:attachment":[{"href":"https:\/\/rutherfordclassical.org\/es\/wp-json\/wp\/v2\/media?parent=1754"}],"curies":[{"name":"wp","href":"https:\/\/api.w.org\/{rel}","templated":true}]}}