{"id":2312,"date":"2025-02-28T21:53:06","date_gmt":"2025-02-28T21:53:06","guid":{"rendered":"https:\/\/rutherfordclassical.org\/?page_id=2312"},"modified":"2026-01-16T19:36:36","modified_gmt":"2026-01-16T19:36:36","slug":"fine-arts","status":"publish","type":"page","link":"https:\/\/rutherfordclassical.org\/es\/fine-arts\/","title":{"rendered":"Bellas Artes"},"content":{"rendered":"<div data-elementor-type=\"wp-page\" data-elementor-id=\"2312\" class=\"elementor elementor-2312\" data-elementor-post-type=\"page\">\n\t\t\t\t\t\t<section class=\"elementor-section elementor-top-section elementor-element elementor-element-ee92e25 elementor-section-content-middle elementor-section-boxed elementor-section-height-default elementor-section-height-default\" data-id=\"ee92e25\" data-element_type=\"section\" data-e-type=\"section\" data-settings=\"{&quot;background_background&quot;:&quot;classic&quot;}\">\n\t\t\t\t\t\t\t<div class=\"elementor-background-overlay\"><\/div>\n\t\t\t\t\t\t\t<div class=\"elementor-container elementor-column-gap-default\">\n\t\t\t\t\t<div class=\"elementor-column elementor-col-50 elementor-top-column elementor-element elementor-element-6045ca6\" data-id=\"6045ca6\" data-element_type=\"column\" data-e-type=\"column\" data-settings=\"{&quot;background_background&quot;:&quot;classic&quot;}\">\n\t\t\t<div class=\"elementor-widget-wrap elementor-element-populated\">\n\t\t\t\t\t\t<div class=\"elementor-element elementor-element-ca68348 elementor-widget elementor-widget-heading\" data-id=\"ca68348\" data-element_type=\"widget\" data-e-type=\"widget\" data-widget_type=\"heading.default\">\n\t\t\t\t<div class=\"elementor-widget-container\">\n\t\t\t\t\t<h1 class=\"elementor-heading-title elementor-size-default\">Bellas Artes<\/h1>\t\t\t\t<\/div>\n\t\t\t\t<\/div>\n\t\t\t\t\t<\/div>\n\t\t<\/div>\n\t\t\t\t<div class=\"elementor-column elementor-col-50 elementor-top-column elementor-element elementor-element-1a62356 elementor-hidden-tablet elementor-hidden-phone\" data-id=\"1a62356\" data-element_type=\"column\" data-e-type=\"column\">\n\t\t\t<div class=\"elementor-widget-wrap\">\n\t\t\t\t\t\t\t<\/div>\n\t\t<\/div>\n\t\t\t\t\t<\/div>\n\t\t<\/section>\n\t\t\t\t<section class=\"elementor-section elementor-top-section elementor-element elementor-element-d2d1468 elementor-section-boxed elementor-section-height-default elementor-section-height-default\" data-id=\"d2d1468\" data-element_type=\"section\" data-e-type=\"section\">\n\t\t\t\t\t\t<div class=\"elementor-container elementor-column-gap-default\">\n\t\t\t\t\t<div class=\"elementor-column elementor-col-100 elementor-top-column elementor-element elementor-element-3366ccd\" data-id=\"3366ccd\" data-element_type=\"column\" data-e-type=\"column\">\n\t\t\t<div class=\"elementor-widget-wrap elementor-element-populated\">\n\t\t\t\t\t\t<div class=\"elementor-element elementor-element-33701fa elementor-widget elementor-widget-heading\" data-id=\"33701fa\" data-element_type=\"widget\" data-e-type=\"widget\" data-widget_type=\"heading.default\">\n\t\t\t\t<div class=\"elementor-widget-container\">\n\t\t\t\t\t<h2 class=\"elementor-heading-title elementor-size-default\">Bellas Artes<\/h2>\t\t\t\t<\/div>\n\t\t\t\t<\/div>\n\t\t\t\t<div class=\"elementor-element elementor-element-271c1e4 elementor-widget elementor-widget-text-editor\" data-id=\"271c1e4\" data-element_type=\"widget\" data-e-type=\"widget\" data-widget_type=\"text-editor.default\">\n\t\t\t\t<div class=\"elementor-widget-container\">\n\t\t\t\t\t\t\t\t\t<p>En American Classical Academy Rutherford, creemos que las bellas artes son una parte esencial de una educaci\u00f3n cl\u00e1sica completa. Enriquecen la creatividad, fortalecen el intelecto y apoyan el crecimiento acad\u00e9mico. Las bellas artes no son s\u00f3lo una actividad extracurricular, sino que se entretejen en nuestro plan de estudios para ayudar a los estudiantes a explorar y apreciar la belleza, la cultura y la expresi\u00f3n.<\/p>\t\t\t\t\t\t\t\t<\/div>\n\t\t\t\t<\/div>\n\t\t\t\t<div class=\"elementor-element elementor-element-98fe951 elementor-widget-divider--view-line elementor-widget elementor-widget-divider\" data-id=\"98fe951\" data-element_type=\"widget\" data-e-type=\"widget\" data-widget_type=\"divider.default\">\n\t\t\t\t<div class=\"elementor-widget-container\">\n\t\t\t\t\t\t\t<div class=\"elementor-divider\">\n\t\t\t<span class=\"elementor-divider-separator\">\n\t\t\t\t\t\t<\/span>\n\t\t<\/div>\n\t\t\t\t\t\t<\/div>\n\t\t\t\t<\/div>\n\t\t\t\t\t<\/div>\n\t\t<\/div>\n\t\t\t\t\t<\/div>\n\t\t<\/section>\n\t\t\t\t<section class=\"elementor-section elementor-top-section elementor-element elementor-element-05b20f8 elementor-section-content-middle elementor-reverse-tablet elementor-reverse-mobile elementor-section-boxed elementor-section-height-default elementor-section-height-default\" data-id=\"05b20f8\" data-element_type=\"section\" data-e-type=\"section\" data-settings=\"{&quot;background_background&quot;:&quot;classic&quot;}\">\n\t\t\t\t\t\t<div class=\"elementor-container elementor-column-gap-default\">\n\t\t\t\t\t<div class=\"elementor-column elementor-col-33 elementor-top-column elementor-element elementor-element-a9a2f5e\" data-id=\"a9a2f5e\" data-element_type=\"column\" data-e-type=\"column\">\n\t\t\t<div class=\"elementor-widget-wrap elementor-element-populated\">\n\t\t\t\t\t\t<div class=\"elementor-element elementor-element-e7454c9 elementor-widget elementor-widget-menu-anchor\" data-id=\"e7454c9\" data-element_type=\"widget\" data-e-type=\"widget\" data-widget_type=\"menu-anchor.default\">\n\t\t\t\t<div class=\"elementor-widget-container\">\n\t\t\t\t\t\t\t<div class=\"elementor-menu-anchor\" id=\"mission\"><\/div>\n\t\t\t\t\t\t<\/div>\n\t\t\t\t<\/div>\n\t\t\t\t<div class=\"elementor-element elementor-element-ded5fb2 elementor-hidden-tablet elementor-hidden-mobile elementor-widget elementor-widget-image\" data-id=\"ded5fb2\" data-element_type=\"widget\" data-e-type=\"widget\" data-widget_type=\"image.default\">\n\t\t\t\t<div class=\"elementor-widget-container\">\n\t\t\t\t\t\t\t\t\t\t\t\t\t\t\t<img fetchpriority=\"high\" decoding=\"async\" width=\"1096\" height=\"730\" src=\"https:\/\/rutherfordclassical.org\/wp-content\/uploads\/2025\/02\/Responsibility.jpg\" class=\"elementor-animation-shrink attachment-full size-full wp-image-2316\" alt=\"\" srcset=\"https:\/\/rutherfordclassical.org\/wp-content\/uploads\/2025\/02\/Responsibility.jpg 1096w, https:\/\/rutherfordclassical.org\/wp-content\/uploads\/2025\/02\/Responsibility-300x200.jpg 300w, https:\/\/rutherfordclassical.org\/wp-content\/uploads\/2025\/02\/Responsibility-1024x682.jpg 1024w, https:\/\/rutherfordclassical.org\/wp-content\/uploads\/2025\/02\/Responsibility-768x512.jpg 768w, https:\/\/rutherfordclassical.org\/wp-content\/uploads\/2025\/02\/Responsibility-18x12.jpg 18w\" sizes=\"(max-width: 1096px) 100vw, 1096px\" \/>\t\t\t\t\t\t\t\t\t\t\t\t\t\t\t<\/div>\n\t\t\t\t<\/div>\n\t\t\t\t<div class=\"elementor-element elementor-element-eed843a elementor-align-center elementor-widget elementor-widget-button\" data-id=\"eed843a\" data-element_type=\"widget\" data-e-type=\"widget\" data-widget_type=\"button.default\">\n\t\t\t\t<div class=\"elementor-widget-container\">\n\t\t\t\t\t\t\t\t\t<div class=\"elementor-button-wrapper\">\n\t\t\t\t\t<a class=\"elementor-button elementor-button-link elementor-size-sm elementor-animation-float\" href=\"https:\/\/rutherfordclassical.org\/es\/who-we-are\/\">\n\t\t\t\t\t\t<span class=\"elementor-button-content-wrapper\">\n\t\t\t\t\t\t<span class=\"elementor-button-icon\">\n\t\t\t\t<i aria-hidden=\"true\" class=\"icon icon-right-arrow\"><\/i>\t\t\t<\/span>\n\t\t\t\t\t\t\t\t\t<span class=\"elementor-button-text\">MISI\u00d3N Y VISI\u00d3N<\/span>\n\t\t\t\t\t<\/span>\n\t\t\t\t\t<\/a>\n\t\t\t\t<\/div>\n\t\t\t\t\t\t\t\t<\/div>\n\t\t\t\t<\/div>\n\t\t\t\t<div class=\"elementor-element elementor-element-ddad89d elementor-widget-divider--view-line elementor-widget elementor-widget-divider\" data-id=\"ddad89d\" data-element_type=\"widget\" data-e-type=\"widget\" data-widget_type=\"divider.default\">\n\t\t\t\t<div class=\"elementor-widget-container\">\n\t\t\t\t\t\t\t<div class=\"elementor-divider\">\n\t\t\t<span class=\"elementor-divider-separator\">\n\t\t\t\t\t\t<\/span>\n\t\t<\/div>\n\t\t\t\t\t\t<\/div>\n\t\t\t\t<\/div>\n\t\t\t\t\t<\/div>\n\t\t<\/div>\n\t\t\t\t<div class=\"elementor-column elementor-col-33 elementor-top-column elementor-element elementor-element-9f3d5d5\" data-id=\"9f3d5d5\" data-element_type=\"column\" data-e-type=\"column\">\n\t\t\t<div class=\"elementor-widget-wrap elementor-element-populated\">\n\t\t\t\t\t\t<div class=\"elementor-element elementor-element-09bec29 elementor-widget elementor-widget-image\" data-id=\"09bec29\" data-element_type=\"widget\" data-e-type=\"widget\" data-widget_type=\"image.default\">\n\t\t\t\t<div class=\"elementor-widget-container\">\n\t\t\t\t\t\t\t\t\t\t\t\t\t\t\t<img decoding=\"async\" width=\"1096\" height=\"730\" src=\"https:\/\/rutherfordclassical.org\/wp-content\/uploads\/2025\/02\/Course.jpg\" class=\"elementor-animation-shrink attachment-full size-full wp-image-2317\" alt=\"\" srcset=\"https:\/\/rutherfordclassical.org\/wp-content\/uploads\/2025\/02\/Course.jpg 1096w, https:\/\/rutherfordclassical.org\/wp-content\/uploads\/2025\/02\/Course-300x200.jpg 300w, https:\/\/rutherfordclassical.org\/wp-content\/uploads\/2025\/02\/Course-1024x682.jpg 1024w, https:\/\/rutherfordclassical.org\/wp-content\/uploads\/2025\/02\/Course-768x512.jpg 768w, https:\/\/rutherfordclassical.org\/wp-content\/uploads\/2025\/02\/Course-18x12.jpg 18w\" sizes=\"(max-width: 1096px) 100vw, 1096px\" \/>\t\t\t\t\t\t\t\t\t\t\t\t\t\t\t<\/div>\n\t\t\t\t<\/div>\n\t\t\t\t\t<\/div>\n\t\t<\/div>\n\t\t\t\t<div class=\"elementor-column elementor-col-33 elementor-top-column elementor-element elementor-element-bd2f965\" data-id=\"bd2f965\" data-element_type=\"column\" data-e-type=\"column\">\n\t\t\t<div class=\"elementor-widget-wrap elementor-element-populated\">\n\t\t\t\t\t\t<div class=\"elementor-element elementor-element-8b9f607 elementor-widget elementor-widget-heading\" data-id=\"8b9f607\" data-element_type=\"widget\" data-e-type=\"widget\" data-widget_type=\"heading.default\">\n\t\t\t\t<div class=\"elementor-widget-container\">\n\t\t\t\t\t<h2 class=\"elementor-heading-title elementor-size-default\">Sobre Bellas Artes<\/h2>\t\t\t\t<\/div>\n\t\t\t\t<\/div>\n\t\t\t\t<div class=\"elementor-element elementor-element-e37cf9a elementor-widget elementor-widget-text-editor\" data-id=\"e37cf9a\" data-element_type=\"widget\" data-e-type=\"widget\" data-widget_type=\"text-editor.default\">\n\t\t\t\t<div class=\"elementor-widget-container\">\n\t\t\t\t\t\t\t\t\t<div title=\"P\u00e1gina 30\"><p>En una escuela cl\u00e1sica, las bellas artes son algo m\u00e1s que actividades creativas: son esenciales para cultivar el conocimiento, la virtud y el amor a la verdad, la bondad y la belleza. Al integrar las bellas artes en todos los aspectos del aprendizaje, preparamos a nuestros alumnos para que se conviertan en personas reflexivas y completas, preparadas para comprometerse de manera significativa con el mundo.<\/p><\/div>\t\t\t\t\t\t\t\t<\/div>\n\t\t\t\t<\/div>\n\t\t\t\t\t<\/div>\n\t\t<\/div>\n\t\t\t\t\t<\/div>\n\t\t<\/section>\n\t\t\t\t<section class=\"elementor-section elementor-top-section elementor-element elementor-element-b247e4c elementor-section-boxed elementor-section-height-default elementor-section-height-default\" data-id=\"b247e4c\" data-element_type=\"section\" data-e-type=\"section\">\n\t\t\t\t\t\t<div class=\"elementor-container elementor-column-gap-default\">\n\t\t\t\t\t<div class=\"elementor-column elementor-col-50 elementor-top-column elementor-element elementor-element-f51e305\" data-id=\"f51e305\" data-element_type=\"column\" data-e-type=\"column\">\n\t\t\t<div class=\"elementor-widget-wrap elementor-element-populated\">\n\t\t\t\t\t\t<div class=\"elementor-element elementor-element-c682e90 elementor-widget elementor-widget-heading\" data-id=\"c682e90\" data-element_type=\"widget\" data-e-type=\"widget\" data-widget_type=\"heading.default\">\n\t\t\t\t<div class=\"elementor-widget-container\">\n\t\t\t\t\t<h2 class=\"elementor-heading-title elementor-size-default\">Plan de estudios<\/h2>\t\t\t\t<\/div>\n\t\t\t\t<\/div>\n\t\t\t\t<div class=\"elementor-element elementor-element-5252fac elementor-widget elementor-widget-text-editor\" data-id=\"5252fac\" data-element_type=\"widget\" data-e-type=\"widget\" data-widget_type=\"text-editor.default\">\n\t\t\t\t<div class=\"elementor-widget-container\">\n\t\t\t\t\t\t\t\t\t<p>A trav\u00e9s de nuestro enfoque transversal, integramos las bellas artes con asignaturas como historia, literatura y ciencias. Por ejemplo, al estudiar la antigua Roma, nuestros alumnos podr\u00edan examinar la arquitectura romana, explorar la ingenier\u00eda que hay detr\u00e1s del Coliseo y construir sus propios modelos para comprender su estructura y significado. En m\u00fasica, podr\u00edan estudiar los instrumentos y composiciones de la \u00e9poca, mientras que en teatro podr\u00edan representar obras. El canto y la m\u00fasica ayudan a reforzar la memorizaci\u00f3n, el ritmo y la expresi\u00f3n, haciendo que las lecciones cobren vida de forma significativa.<\/p><p>Las bellas artes tambi\u00e9n fomentan la creatividad, la resoluci\u00f3n de problemas y la conciencia cultural. Ayudan a nuestros alumnos a desarrollar la concentraci\u00f3n y la disciplina, que contribuyen al \u00e9xito en todas las \u00e1reas acad\u00e9micas, al tiempo que fomentan la confianza y las habilidades comunicativas a trav\u00e9s de la expresi\u00f3n art\u00edstica.<\/p>\t\t\t\t\t\t\t\t<\/div>\n\t\t\t\t<\/div>\n\t\t\t\t\t<\/div>\n\t\t<\/div>\n\t\t\t\t<div class=\"elementor-column elementor-col-50 elementor-top-column elementor-element elementor-element-4154cda\" data-id=\"4154cda\" data-element_type=\"column\" data-e-type=\"column\">\n\t\t\t<div class=\"elementor-widget-wrap elementor-element-populated\">\n\t\t\t\t\t\t<div class=\"elementor-element elementor-element-f02c77c elementor-widget elementor-widget-image\" data-id=\"f02c77c\" data-element_type=\"widget\" data-e-type=\"widget\" data-widget_type=\"image.default\">\n\t\t\t\t<div class=\"elementor-widget-container\">\n\t\t\t\t\t\t\t\t\t\t\t\t\t\t\t<img decoding=\"async\" width=\"800\" height=\"450\" src=\"https:\/\/rutherfordclassical.org\/wp-content\/uploads\/2025\/02\/pexels-chaitaastic-1797161-scaled-1-1024x576.jpg\" class=\"attachment-large size-large wp-image-2318\" alt=\"\" srcset=\"https:\/\/rutherfordclassical.org\/wp-content\/uploads\/2025\/02\/pexels-chaitaastic-1797161-scaled-1-1024x576.jpg 1024w, https:\/\/rutherfordclassical.org\/wp-content\/uploads\/2025\/02\/pexels-chaitaastic-1797161-scaled-1-300x169.jpg 300w, https:\/\/rutherfordclassical.org\/wp-content\/uploads\/2025\/02\/pexels-chaitaastic-1797161-scaled-1-768x432.jpg 768w, https:\/\/rutherfordclassical.org\/wp-content\/uploads\/2025\/02\/pexels-chaitaastic-1797161-scaled-1-1536x864.jpg 1536w, https:\/\/rutherfordclassical.org\/wp-content\/uploads\/2025\/02\/pexels-chaitaastic-1797161-scaled-1-2048x1152.jpg 2048w, https:\/\/rutherfordclassical.org\/wp-content\/uploads\/2025\/02\/pexels-chaitaastic-1797161-scaled-1-18x10.jpg 18w\" sizes=\"(max-width: 800px) 100vw, 800px\" \/>\t\t\t\t\t\t\t\t\t\t\t\t\t\t\t<\/div>\n\t\t\t\t<\/div>\n\t\t\t\t\t<\/div>\n\t\t<\/div>\n\t\t\t\t\t<\/div>\n\t\t<\/section>\n\t\t\t\t<section class=\"elementor-section elementor-top-section elementor-element elementor-element-181b16e elementor-section-height-min-height elementor-section-boxed elementor-section-height-default elementor-section-items-middle\" data-id=\"181b16e\" data-element_type=\"section\" data-e-type=\"section\" data-settings=\"{&quot;background_background&quot;:&quot;classic&quot;}\">\n\t\t\t\t\t\t\t<div class=\"elementor-background-overlay\"><\/div>\n\t\t\t\t\t\t\t<div class=\"elementor-container elementor-column-gap-default\">\n\t\t\t\t\t<div class=\"elementor-column elementor-col-100 elementor-top-column elementor-element elementor-element-02db233\" data-id=\"02db233\" data-element_type=\"column\" data-e-type=\"column\">\n\t\t\t<div class=\"elementor-widget-wrap elementor-element-populated\">\n\t\t\t\t\t\t<div class=\"elementor-element elementor-element-a36e177 elementor-widget elementor-widget-heading\" data-id=\"a36e177\" data-element_type=\"widget\" data-e-type=\"widget\" data-widget_type=\"heading.default\">\n\t\t\t\t<div class=\"elementor-widget-container\">\n\t\t\t\t\t<h2 class=\"elementor-heading-title elementor-size-default\">\u00bfQu\u00e9 hace que American Classical Academy Rutherford sea \u00fanica?<\/h2>\t\t\t\t<\/div>\n\t\t\t\t<\/div>\n\t\t\t\t<div class=\"elementor-element elementor-element-91d8406 elementor-widget elementor-widget-text-editor\" data-id=\"91d8406\" data-element_type=\"widget\" data-e-type=\"widget\" data-widget_type=\"text-editor.default\">\n\t\t\t\t<div class=\"elementor-widget-container\">\n\t\t\t\t\t\t\t\t\t<p>Acomp\u00e1\u00f1enos en una visita semanal que se celebra todos los martes a las 9:00 y todos los mi\u00e9rcoles a las 13:00.\u00a0<\/p>\t\t\t\t\t\t\t\t<\/div>\n\t\t\t\t<\/div>\n\t\t\t\t<div class=\"elementor-element elementor-element-14c4564 elementor-widget elementor-widget-jkit_button\" data-id=\"14c4564\" data-element_type=\"widget\" data-e-type=\"widget\" data-widget_type=\"jkit_button.default\">\n\t\t\t\t<div class=\"elementor-widget-container\">\n\t\t\t\t\t<div  class=\"jeg-elementor-kit jkit-button  icon-position-before jeg_module___69f87837c138f\" ><a href=\"https:\/\/rutherfordclassical.org\/es\/weekly-tours\/\" class=\"jkit-button-wrapper\">ASISTIR A LA VISITA ESCOLAR<\/a><\/div>\t\t\t\t<\/div>\n\t\t\t\t<\/div>\n\t\t\t\t\t<\/div>\n\t\t<\/div>\n\t\t\t\t\t<\/div>\n\t\t<\/section>\n\t\t\t\t<\/div>","protected":false},"excerpt":{"rendered":"<p>Fine Arts Fine Arts Overview At American Classical Academy Rutherford, we believe fine arts are an essential part of a well-rounded classical education. They enrich creativity, strengthen intellect, and support [&hellip;]<\/p>\n","protected":false},"author":2,"featured_media":0,"parent":0,"menu_order":0,"comment_status":"closed","ping_status":"closed","template":"","meta":{"_coblocks_attr":"","_coblocks_dimensions":"","_coblocks_responsive_height":"","_coblocks_accordion_ie_support":"","_mo_disable_npp":"","footnotes":""},"class_list":["post-2312","page","type-page","status-publish","hentry"],"yoast_head":"<!-- This site is optimized with the Yoast SEO plugin v27.5 - https:\/\/yoast.com\/product\/yoast-seo-wordpress\/ -->\n<title>Fine Arts - American Classical Academy Rutherford<\/title>\n<meta name=\"description\" content=\"Discover how fine arts at American Classical Academy Rutherford enrich classical learning through creativity, culture, and beauty.\" \/>\n<meta name=\"robots\" content=\"index, follow, max-snippet:-1, max-image-preview:large, max-video-preview:-1\" \/>\n<link rel=\"canonical\" href=\"https:\/\/rutherfordclassical.org\/es\/fine-arts\/\" \/>\n<meta property=\"og:locale\" content=\"es_MX\" \/>\n<meta property=\"og:type\" content=\"article\" \/>\n<meta property=\"og:title\" content=\"Fine Arts - American Classical Academy Rutherford\" \/>\n<meta property=\"og:description\" content=\"Discover how fine arts at American Classical Academy Rutherford enrich classical learning through creativity, culture, and beauty.\" \/>\n<meta property=\"og:url\" content=\"https:\/\/rutherfordclassical.org\/es\/fine-arts\/\" \/>\n<meta property=\"og:site_name\" content=\"American Classical Academy Rutherford\" \/>\n<meta property=\"article:modified_time\" content=\"2026-01-16T19:36:36+00:00\" \/>\n<meta property=\"og:image\" content=\"https:\/\/rutherfordclassical.org\/wp-content\/uploads\/2025\/02\/Responsibility.jpg\" \/>\n<meta name=\"twitter:card\" content=\"summary_large_image\" \/>\n<meta name=\"twitter:label1\" content=\"Tiempo de lectura\" \/>\n\t<meta name=\"twitter:data1\" content=\"2 minutos\" \/>\n<script type=\"application\/ld+json\" class=\"yoast-schema-graph\">{\"@context\":\"https:\\\/\\\/schema.org\",\"@graph\":[{\"@type\":\"WebPage\",\"@id\":\"https:\\\/\\\/rutherfordclassical.org\\\/fine-arts\\\/\",\"url\":\"https:\\\/\\\/rutherfordclassical.org\\\/fine-arts\\\/\",\"name\":\"Fine Arts - American Classical Academy Rutherford\",\"isPartOf\":{\"@id\":\"https:\\\/\\\/kba.790.myftpupload.com\\\/#website\"},\"primaryImageOfPage\":{\"@id\":\"https:\\\/\\\/rutherfordclassical.org\\\/fine-arts\\\/#primaryimage\"},\"image\":{\"@id\":\"https:\\\/\\\/rutherfordclassical.org\\\/fine-arts\\\/#primaryimage\"},\"thumbnailUrl\":\"https:\\\/\\\/rutherfordclassical.org\\\/wp-content\\\/uploads\\\/2025\\\/02\\\/Responsibility.jpg\",\"datePublished\":\"2025-02-28T21:53:06+00:00\",\"dateModified\":\"2026-01-16T19:36:36+00:00\",\"description\":\"Discover how fine arts at American Classical Academy Rutherford enrich classical learning through creativity, culture, and beauty.\",\"breadcrumb\":{\"@id\":\"https:\\\/\\\/rutherfordclassical.org\\\/fine-arts\\\/#breadcrumb\"},\"inLanguage\":\"es\",\"potentialAction\":[{\"@type\":\"ReadAction\",\"target\":[\"https:\\\/\\\/rutherfordclassical.org\\\/fine-arts\\\/\"]}]},{\"@type\":\"ImageObject\",\"inLanguage\":\"es\",\"@id\":\"https:\\\/\\\/rutherfordclassical.org\\\/fine-arts\\\/#primaryimage\",\"url\":\"https:\\\/\\\/rutherfordclassical.org\\\/wp-content\\\/uploads\\\/2025\\\/02\\\/Responsibility.jpg\",\"contentUrl\":\"https:\\\/\\\/rutherfordclassical.org\\\/wp-content\\\/uploads\\\/2025\\\/02\\\/Responsibility.jpg\"},{\"@type\":\"BreadcrumbList\",\"@id\":\"https:\\\/\\\/rutherfordclassical.org\\\/fine-arts\\\/#breadcrumb\",\"itemListElement\":[{\"@type\":\"ListItem\",\"position\":1,\"name\":\"Home\",\"item\":\"https:\\\/\\\/rutherfordclassical.org\\\/\"},{\"@type\":\"ListItem\",\"position\":2,\"name\":\"Fine Arts\"}]},{\"@type\":\"WebSite\",\"@id\":\"https:\\\/\\\/kba.790.myftpupload.com\\\/#website\",\"url\":\"https:\\\/\\\/kba.790.myftpupload.com\\\/\",\"name\":\"American Classical Academy Rutherford\",\"description\":\"\",\"potentialAction\":[{\"@type\":\"SearchAction\",\"target\":{\"@type\":\"EntryPoint\",\"urlTemplate\":\"https:\\\/\\\/kba.790.myftpupload.com\\\/?s={search_term_string}\"},\"query-input\":{\"@type\":\"PropertyValueSpecification\",\"valueRequired\":true,\"valueName\":\"search_term_string\"}}],\"inLanguage\":\"es\"}]}<\/script>\n<!-- \/ Yoast SEO plugin. -->","yoast_head_json":{"title":"Bellas Artes - American Classical Academy Rutherford","description":"Descubre c\u00f3mo las bellas artes en American Classical Academy Rutherford enriquecen el aprendizaje cl\u00e1sico a trav\u00e9s de la creatividad, la cultura y la belleza.","robots":{"index":"index","follow":"follow","max-snippet":"max-snippet:-1","max-image-preview":"max-image-preview:large","max-video-preview":"max-video-preview:-1"},"canonical":"https:\/\/rutherfordclassical.org\/es\/fine-arts\/","og_locale":"es_MX","og_type":"article","og_title":"Fine Arts - American Classical Academy Rutherford","og_description":"Discover how fine arts at American Classical Academy Rutherford enrich classical learning through creativity, culture, and beauty.","og_url":"https:\/\/rutherfordclassical.org\/es\/fine-arts\/","og_site_name":"American Classical Academy Rutherford","article_modified_time":"2026-01-16T19:36:36+00:00","og_image":[{"url":"https:\/\/rutherfordclassical.org\/wp-content\/uploads\/2025\/02\/Responsibility.jpg","type":"","width":"","height":""}],"twitter_card":"summary_large_image","twitter_misc":{"Tiempo de lectura":"2 minutos"},"schema":{"@context":"https:\/\/schema.org","@graph":[{"@type":"WebPage","@id":"https:\/\/rutherfordclassical.org\/fine-arts\/","url":"https:\/\/rutherfordclassical.org\/fine-arts\/","name":"Bellas Artes - American Classical Academy Rutherford","isPartOf":{"@id":"https:\/\/kba.790.myftpupload.com\/#website"},"primaryImageOfPage":{"@id":"https:\/\/rutherfordclassical.org\/fine-arts\/#primaryimage"},"image":{"@id":"https:\/\/rutherfordclassical.org\/fine-arts\/#primaryimage"},"thumbnailUrl":"https:\/\/rutherfordclassical.org\/wp-content\/uploads\/2025\/02\/Responsibility.jpg","datePublished":"2025-02-28T21:53:06+00:00","dateModified":"2026-01-16T19:36:36+00:00","description":"Descubre c\u00f3mo las bellas artes en American Classical Academy Rutherford enriquecen el aprendizaje cl\u00e1sico a trav\u00e9s de la creatividad, la cultura y la belleza.","breadcrumb":{"@id":"https:\/\/rutherfordclassical.org\/fine-arts\/#breadcrumb"},"inLanguage":"es","potentialAction":[{"@type":"ReadAction","target":["https:\/\/rutherfordclassical.org\/fine-arts\/"]}]},{"@type":"ImageObject","inLanguage":"es","@id":"https:\/\/rutherfordclassical.org\/fine-arts\/#primaryimage","url":"https:\/\/rutherfordclassical.org\/wp-content\/uploads\/2025\/02\/Responsibility.jpg","contentUrl":"https:\/\/rutherfordclassical.org\/wp-content\/uploads\/2025\/02\/Responsibility.jpg"},{"@type":"BreadcrumbList","@id":"https:\/\/rutherfordclassical.org\/fine-arts\/#breadcrumb","itemListElement":[{"@type":"ListItem","position":1,"name":"Home","item":"https:\/\/rutherfordclassical.org\/"},{"@type":"ListItem","position":2,"name":"Fine Arts"}]},{"@type":"WebSite","@id":"https:\/\/kba.790.myftpupload.com\/#website","url":"https:\/\/kba.790.myftpupload.com\/","name":"Academia Cl\u00e1sica Americana Rutherford","description":"","potentialAction":[{"@type":"SearchAction","target":{"@type":"EntryPoint","urlTemplate":"https:\/\/kba.790.myftpupload.com\/?s={search_term_string}"},"query-input":{"@type":"PropertyValueSpecification","valueRequired":true,"valueName":"search_term_string"}}],"inLanguage":"es"}]}},"_links":{"self":[{"href":"https:\/\/rutherfordclassical.org\/es\/wp-json\/wp\/v2\/pages\/2312","targetHints":{"allow":["GET"]}}],"collection":[{"href":"https:\/\/rutherfordclassical.org\/es\/wp-json\/wp\/v2\/pages"}],"about":[{"href":"https:\/\/rutherfordclassical.org\/es\/wp-json\/wp\/v2\/types\/page"}],"author":[{"embeddable":true,"href":"https:\/\/rutherfordclassical.org\/es\/wp-json\/wp\/v2\/users\/2"}],"replies":[{"embeddable":true,"href":"https:\/\/rutherfordclassical.org\/es\/wp-json\/wp\/v2\/comments?post=2312"}],"version-history":[{"count":1,"href":"https:\/\/rutherfordclassical.org\/es\/wp-json\/wp\/v2\/pages\/2312\/revisions"}],"predecessor-version":[{"id":3967,"href":"https:\/\/rutherfordclassical.org\/es\/wp-json\/wp\/v2\/pages\/2312\/revisions\/3967"}],"wp:attachment":[{"href":"https:\/\/rutherfordclassical.org\/es\/wp-json\/wp\/v2\/media?parent=2312"}],"curies":[{"name":"wp","href":"https:\/\/api.w.org\/{rel}","templated":true}]}}