{"id":2328,"date":"2025-02-28T21:55:58","date_gmt":"2025-02-28T21:55:58","guid":{"rendered":"https:\/\/rutherfordclassical.org\/?page_id=2328"},"modified":"2026-01-16T19:48:38","modified_gmt":"2026-01-16T19:48:38","slug":"physical-education","status":"publish","type":"page","link":"https:\/\/rutherfordclassical.org\/es\/physical-education\/","title":{"rendered":"Educaci\u00f3n f\u00edsica"},"content":{"rendered":"<div data-elementor-type=\"wp-page\" data-elementor-id=\"2328\" class=\"elementor elementor-2328\" data-elementor-post-type=\"page\">\n\t\t\t\t\t\t<section class=\"elementor-section elementor-top-section elementor-element elementor-element-4289d2b elementor-section-content-middle elementor-section-boxed elementor-section-height-default elementor-section-height-default\" data-id=\"4289d2b\" data-element_type=\"section\" data-e-type=\"section\" data-settings=\"{&quot;background_background&quot;:&quot;classic&quot;}\">\n\t\t\t\t\t\t\t<div class=\"elementor-background-overlay\"><\/div>\n\t\t\t\t\t\t\t<div class=\"elementor-container elementor-column-gap-default\">\n\t\t\t\t\t<div class=\"elementor-column elementor-col-50 elementor-top-column elementor-element elementor-element-2e227df\" data-id=\"2e227df\" data-element_type=\"column\" data-e-type=\"column\" data-settings=\"{&quot;background_background&quot;:&quot;classic&quot;}\">\n\t\t\t<div class=\"elementor-widget-wrap elementor-element-populated\">\n\t\t\t\t\t\t<div class=\"elementor-element elementor-element-a6a9a59 elementor-widget elementor-widget-heading\" data-id=\"a6a9a59\" data-element_type=\"widget\" data-e-type=\"widget\" data-widget_type=\"heading.default\">\n\t\t\t\t<div class=\"elementor-widget-container\">\n\t\t\t\t\t<h1 class=\"elementor-heading-title elementor-size-default\">Educaci\u00f3n f\u00edsica<\/h1>\t\t\t\t<\/div>\n\t\t\t\t<\/div>\n\t\t\t\t\t<\/div>\n\t\t<\/div>\n\t\t\t\t<div class=\"elementor-column elementor-col-50 elementor-top-column elementor-element elementor-element-677d35d elementor-hidden-tablet elementor-hidden-phone\" data-id=\"677d35d\" data-element_type=\"column\" data-e-type=\"column\">\n\t\t\t<div class=\"elementor-widget-wrap\">\n\t\t\t\t\t\t\t<\/div>\n\t\t<\/div>\n\t\t\t\t\t<\/div>\n\t\t<\/section>\n\t\t\t\t<section class=\"elementor-section elementor-top-section elementor-element elementor-element-bb8e3f7 elementor-section-boxed elementor-section-height-default elementor-section-height-default\" data-id=\"bb8e3f7\" data-element_type=\"section\" data-e-type=\"section\">\n\t\t\t\t\t\t<div class=\"elementor-container elementor-column-gap-default\">\n\t\t\t\t\t<div class=\"elementor-column elementor-col-100 elementor-top-column elementor-element elementor-element-c3ddbe3\" data-id=\"c3ddbe3\" data-element_type=\"column\" data-e-type=\"column\">\n\t\t\t<div class=\"elementor-widget-wrap elementor-element-populated\">\n\t\t\t\t\t\t<div class=\"elementor-element elementor-element-ec3b7b2 elementor-widget elementor-widget-heading\" data-id=\"ec3b7b2\" data-element_type=\"widget\" data-e-type=\"widget\" data-widget_type=\"heading.default\">\n\t\t\t\t<div class=\"elementor-widget-container\">\n\t\t\t\t\t<h2 class=\"elementor-heading-title elementor-size-default\">Panorama de la Educaci\u00f3n F\u00edsica<\/h2>\t\t\t\t<\/div>\n\t\t\t\t<\/div>\n\t\t\t\t<div class=\"elementor-element elementor-element-3a928e2 elementor-widget elementor-widget-text-editor\" data-id=\"3a928e2\" data-element_type=\"widget\" data-e-type=\"widget\" data-widget_type=\"text-editor.default\">\n\t\t\t\t<div class=\"elementor-widget-container\">\n\t\t\t\t\t\t\t\t\t<p>La Educaci\u00f3n F\u00edsica es algo m\u00e1s que ejercicio, es preparaci\u00f3n para la vida. Nuestro programa de educaci\u00f3n f\u00edsica desaf\u00eda a los estudiantes a desarrollar fuerza, resistencia y agilidad, a la vez que desarrollan la disciplina, el trabajo en equipo y la resiliencia.<\/p>\t\t\t\t\t\t\t\t<\/div>\n\t\t\t\t<\/div>\n\t\t\t\t<div class=\"elementor-element elementor-element-5103c30 elementor-widget-divider--view-line elementor-widget elementor-widget-divider\" data-id=\"5103c30\" data-element_type=\"widget\" data-e-type=\"widget\" data-widget_type=\"divider.default\">\n\t\t\t\t<div class=\"elementor-widget-container\">\n\t\t\t\t\t\t\t<div class=\"elementor-divider\">\n\t\t\t<span class=\"elementor-divider-separator\">\n\t\t\t\t\t\t<\/span>\n\t\t<\/div>\n\t\t\t\t\t\t<\/div>\n\t\t\t\t<\/div>\n\t\t\t\t\t<\/div>\n\t\t<\/div>\n\t\t\t\t\t<\/div>\n\t\t<\/section>\n\t\t\t\t<section class=\"elementor-section elementor-top-section elementor-element elementor-element-91b32c3 elementor-section-content-middle elementor-reverse-tablet elementor-reverse-mobile elementor-section-boxed elementor-section-height-default elementor-section-height-default\" data-id=\"91b32c3\" data-element_type=\"section\" data-e-type=\"section\" data-settings=\"{&quot;background_background&quot;:&quot;classic&quot;}\">\n\t\t\t\t\t\t<div class=\"elementor-container elementor-column-gap-default\">\n\t\t\t\t\t<div class=\"elementor-column elementor-col-33 elementor-top-column elementor-element elementor-element-99a705a\" data-id=\"99a705a\" data-element_type=\"column\" data-e-type=\"column\">\n\t\t\t<div class=\"elementor-widget-wrap elementor-element-populated\">\n\t\t\t\t\t\t<div class=\"elementor-element elementor-element-5b9c84a elementor-widget elementor-widget-heading\" data-id=\"5b9c84a\" data-element_type=\"widget\" data-e-type=\"widget\" data-widget_type=\"heading.default\">\n\t\t\t\t<div class=\"elementor-widget-container\">\n\t\t\t\t\t<h2 class=\"elementor-heading-title elementor-size-default\">Acerca de la Educaci\u00f3n F\u00edsica<\/h2>\t\t\t\t<\/div>\n\t\t\t\t<\/div>\n\t\t\t\t<div class=\"elementor-element elementor-element-8342688 elementor-widget elementor-widget-text-editor\" data-id=\"8342688\" data-element_type=\"widget\" data-e-type=\"widget\" data-widget_type=\"text-editor.default\">\n\t\t\t\t<div class=\"elementor-widget-container\">\n\t\t\t\t\t\t\t\t\t<div title=\"P\u00e1gina 30\"><p>A trav\u00e9s de actividades estructuradas, juegos cl\u00e1sicos y deportes de equipo, los alumnos superan sus l\u00edmites, se fijan metas y aumentan su confianza. La educaci\u00f3n f\u00edsica tambi\u00e9n est\u00e1 relacionada con los estudios, pero lo m\u00e1s importante es que forma el car\u00e1cter. Los alumnos aprenden a trabajar duro, a superar retos y a predicar con el ejemplo, habilidades que se extienden mucho m\u00e1s all\u00e1 del gimnasio. Mediante el fomento de h\u00e1bitos de fitness para toda la vida y una mentalidad de perseverancia, preparamos a los estudiantes para ser fuertes, capaces y listos para cualquier desaf\u00edo.<\/p><p>A medida que progresan, los alumnos se centran en expresar y aplicar sus conocimientos de forma eficaz. Aprenden a comunicarse de forma persuasiva a trav\u00e9s de la escritura, la expresi\u00f3n oral y los proyectos creativos, utilizando sus conocimientos para realizar aportaciones significativas tanto en el \u00e1mbito acad\u00e9mico como en la vida. La experiencia del Upper School dota a los alumnos de las herramientas que necesitan para pensar en profundidad, comunicarse con claridad e influir positivamente en el mundo que les rodea.<\/p><\/div>\t\t\t\t\t\t\t\t<\/div>\n\t\t\t\t<\/div>\n\t\t\t\t\t<\/div>\n\t\t<\/div>\n\t\t\t\t<div class=\"elementor-column elementor-col-33 elementor-top-column elementor-element elementor-element-e298f67\" data-id=\"e298f67\" data-element_type=\"column\" data-e-type=\"column\">\n\t\t\t<div class=\"elementor-widget-wrap elementor-element-populated\">\n\t\t\t\t\t\t<div class=\"elementor-element elementor-element-2dee069 elementor-widget elementor-widget-image\" data-id=\"2dee069\" data-element_type=\"widget\" data-e-type=\"widget\" data-widget_type=\"image.default\">\n\t\t\t\t<div class=\"elementor-widget-container\">\n\t\t\t\t\t\t\t\t\t\t\t\t\t\t\t<img fetchpriority=\"high\" decoding=\"async\" width=\"1707\" height=\"2560\" src=\"https:\/\/rutherfordclassical.org\/wp-content\/uploads\/2025\/02\/channey-tang-ho-4pUmLUGDMEI-unsplash-scaled-1.jpg\" class=\"elementor-animation-shrink attachment-full size-full wp-image-2332\" alt=\"\" srcset=\"https:\/\/rutherfordclassical.org\/wp-content\/uploads\/2025\/02\/channey-tang-ho-4pUmLUGDMEI-unsplash-scaled-1.jpg 1707w, https:\/\/rutherfordclassical.org\/wp-content\/uploads\/2025\/02\/channey-tang-ho-4pUmLUGDMEI-unsplash-scaled-1-200x300.jpg 200w, https:\/\/rutherfordclassical.org\/wp-content\/uploads\/2025\/02\/channey-tang-ho-4pUmLUGDMEI-unsplash-scaled-1-683x1024.jpg 683w, https:\/\/rutherfordclassical.org\/wp-content\/uploads\/2025\/02\/channey-tang-ho-4pUmLUGDMEI-unsplash-scaled-1-768x1152.jpg 768w, https:\/\/rutherfordclassical.org\/wp-content\/uploads\/2025\/02\/channey-tang-ho-4pUmLUGDMEI-unsplash-scaled-1-1024x1536.jpg 1024w, https:\/\/rutherfordclassical.org\/wp-content\/uploads\/2025\/02\/channey-tang-ho-4pUmLUGDMEI-unsplash-scaled-1-1366x2048.jpg 1366w, https:\/\/rutherfordclassical.org\/wp-content\/uploads\/2025\/02\/channey-tang-ho-4pUmLUGDMEI-unsplash-scaled-1-8x12.jpg 8w\" sizes=\"(max-width: 1707px) 100vw, 1707px\" \/>\t\t\t\t\t\t\t\t\t\t\t\t\t\t\t<\/div>\n\t\t\t\t<\/div>\n\t\t\t\t\t<\/div>\n\t\t<\/div>\n\t\t\t\t<div class=\"elementor-column elementor-col-33 elementor-top-column elementor-element elementor-element-c0a45e1\" data-id=\"c0a45e1\" data-element_type=\"column\" data-e-type=\"column\">\n\t\t\t<div class=\"elementor-widget-wrap elementor-element-populated\">\n\t\t\t\t\t\t<div class=\"elementor-element elementor-element-a7d9409 elementor-widget elementor-widget-menu-anchor\" data-id=\"a7d9409\" data-element_type=\"widget\" data-e-type=\"widget\" data-widget_type=\"menu-anchor.default\">\n\t\t\t\t<div class=\"elementor-widget-container\">\n\t\t\t\t\t\t\t<div class=\"elementor-menu-anchor\" id=\"mission\"><\/div>\n\t\t\t\t\t\t<\/div>\n\t\t\t\t<\/div>\n\t\t\t\t<div class=\"elementor-element elementor-element-befea5b elementor-hidden-tablet elementor-hidden-mobile elementor-widget elementor-widget-image\" data-id=\"befea5b\" data-element_type=\"widget\" data-e-type=\"widget\" data-widget_type=\"image.default\">\n\t\t\t\t<div class=\"elementor-widget-container\">\n\t\t\t\t\t\t\t\t\t\t\t\t\t\t\t<img decoding=\"async\" width=\"2560\" height=\"1484\" src=\"https:\/\/rutherfordclassical.org\/wp-content\/uploads\/2025\/02\/pexels-steshkawillems-1661950-scaled-1.jpg\" class=\"elementor-animation-shrink attachment-full size-full wp-image-2333\" alt=\"\" srcset=\"https:\/\/rutherfordclassical.org\/wp-content\/uploads\/2025\/02\/pexels-steshkawillems-1661950-scaled-1.jpg 2560w, https:\/\/rutherfordclassical.org\/wp-content\/uploads\/2025\/02\/pexels-steshkawillems-1661950-scaled-1-300x174.jpg 300w, https:\/\/rutherfordclassical.org\/wp-content\/uploads\/2025\/02\/pexels-steshkawillems-1661950-scaled-1-1024x594.jpg 1024w, https:\/\/rutherfordclassical.org\/wp-content\/uploads\/2025\/02\/pexels-steshkawillems-1661950-scaled-1-768x445.jpg 768w, https:\/\/rutherfordclassical.org\/wp-content\/uploads\/2025\/02\/pexels-steshkawillems-1661950-scaled-1-1536x890.jpg 1536w, https:\/\/rutherfordclassical.org\/wp-content\/uploads\/2025\/02\/pexels-steshkawillems-1661950-scaled-1-2048x1187.jpg 2048w, https:\/\/rutherfordclassical.org\/wp-content\/uploads\/2025\/02\/pexels-steshkawillems-1661950-scaled-1-18x10.jpg 18w\" sizes=\"(max-width: 2560px) 100vw, 2560px\" \/>\t\t\t\t\t\t\t\t\t\t\t\t\t\t\t<\/div>\n\t\t\t\t<\/div>\n\t\t\t\t<div class=\"elementor-element elementor-element-d6efbd9 elementor-align-center elementor-hidden-desktop elementor-hidden-tablet elementor-hidden-mobile elementor-widget elementor-widget-button\" data-id=\"d6efbd9\" data-element_type=\"widget\" data-e-type=\"widget\" data-widget_type=\"button.default\">\n\t\t\t\t<div class=\"elementor-widget-container\">\n\t\t\t\t\t\t\t\t\t<div class=\"elementor-button-wrapper\">\n\t\t\t\t\t<a class=\"elementor-button elementor-button-link elementor-size-sm elementor-animation-float\" href=\"#\">\n\t\t\t\t\t\t<span class=\"elementor-button-content-wrapper\">\n\t\t\t\t\t\t<span class=\"elementor-button-icon\">\n\t\t\t\t<i aria-hidden=\"true\" class=\"icon icon-right-arrow\"><\/i>\t\t\t<\/span>\n\t\t\t\t\t\t\t\t\t<span class=\"elementor-button-text\">MISI\u00d3N Y VISI\u00d3N<\/span>\n\t\t\t\t\t<\/span>\n\t\t\t\t\t<\/a>\n\t\t\t\t<\/div>\n\t\t\t\t\t\t\t\t<\/div>\n\t\t\t\t<\/div>\n\t\t\t\t<div class=\"elementor-element elementor-element-dbf1836 elementor-widget-divider--view-line elementor-widget elementor-widget-divider\" data-id=\"dbf1836\" data-element_type=\"widget\" data-e-type=\"widget\" data-widget_type=\"divider.default\">\n\t\t\t\t<div class=\"elementor-widget-container\">\n\t\t\t\t\t\t\t<div class=\"elementor-divider\">\n\t\t\t<span class=\"elementor-divider-separator\">\n\t\t\t\t\t\t<\/span>\n\t\t<\/div>\n\t\t\t\t\t\t<\/div>\n\t\t\t\t<\/div>\n\t\t\t\t\t<\/div>\n\t\t<\/div>\n\t\t\t\t\t<\/div>\n\t\t<\/section>\n\t\t\t\t<section class=\"elementor-section elementor-top-section elementor-element elementor-element-5632403 elementor-section-height-min-height elementor-section-boxed elementor-section-height-default elementor-section-items-middle\" data-id=\"5632403\" data-element_type=\"section\" data-e-type=\"section\" data-settings=\"{&quot;background_background&quot;:&quot;classic&quot;}\">\n\t\t\t\t\t\t\t<div class=\"elementor-background-overlay\"><\/div>\n\t\t\t\t\t\t\t<div class=\"elementor-container elementor-column-gap-default\">\n\t\t\t\t\t<div class=\"elementor-column elementor-col-100 elementor-top-column elementor-element elementor-element-7a5258f\" data-id=\"7a5258f\" data-element_type=\"column\" data-e-type=\"column\">\n\t\t\t<div class=\"elementor-widget-wrap elementor-element-populated\">\n\t\t\t\t\t\t<div class=\"elementor-element elementor-element-38ba7a2 elementor-widget elementor-widget-heading\" data-id=\"38ba7a2\" data-element_type=\"widget\" data-e-type=\"widget\" data-widget_type=\"heading.default\">\n\t\t\t\t<div class=\"elementor-widget-container\">\n\t\t\t\t\t<h2 class=\"elementor-heading-title elementor-size-default\">\u00bfQu\u00e9 hace que American Classical Academy Rutherford sea \u00fanica?<\/h2>\t\t\t\t<\/div>\n\t\t\t\t<\/div>\n\t\t\t\t<div class=\"elementor-element elementor-element-b16cade elementor-widget elementor-widget-text-editor\" data-id=\"b16cade\" data-element_type=\"widget\" data-e-type=\"widget\" data-widget_type=\"text-editor.default\">\n\t\t\t\t<div class=\"elementor-widget-container\">\n\t\t\t\t\t\t\t\t\t<p>Acomp\u00e1\u00f1enos en una visita semanal que se celebra todos los martes a las 9:00 y todos los mi\u00e9rcoles a las 13:00.\u00a0<\/p>\t\t\t\t\t\t\t\t<\/div>\n\t\t\t\t<\/div>\n\t\t\t\t<div class=\"elementor-element elementor-element-a7e19e5 elementor-widget elementor-widget-jkit_button\" data-id=\"a7e19e5\" data-element_type=\"widget\" data-e-type=\"widget\" data-widget_type=\"jkit_button.default\">\n\t\t\t\t<div class=\"elementor-widget-container\">\n\t\t\t\t\t<div  class=\"jeg-elementor-kit jkit-button  icon-position-before jeg_module___69eab6b8c0f32\" ><a href=\"https:\/\/rutherfordclassical.org\/es\/weekly-tours\/\" class=\"jkit-button-wrapper\">ASISTIR A LA VISITA ESCOLAR<\/a><\/div>\t\t\t\t<\/div>\n\t\t\t\t<\/div>\n\t\t\t\t\t<\/div>\n\t\t<\/div>\n\t\t\t\t\t<\/div>\n\t\t<\/section>\n\t\t\t\t<\/div>","protected":false},"excerpt":{"rendered":"<p>Physical Education Physical Education Overview Physical Education is more than just exercise but it\u2019s preparation for life. Our PE program challenges students to build strength, endurance, and agility while developing [&hellip;]<\/p>\n","protected":false},"author":2,"featured_media":0,"parent":0,"menu_order":0,"comment_status":"closed","ping_status":"closed","template":"","meta":{"_coblocks_attr":"","_coblocks_dimensions":"","_coblocks_responsive_height":"","_coblocks_accordion_ie_support":"","_mo_disable_npp":"","footnotes":""},"class_list":["post-2328","page","type-page","status-publish","hentry"],"yoast_head":"<!-- This site is optimized with the Yoast SEO plugin v27.4 - https:\/\/yoast.com\/product\/yoast-seo-wordpress\/ -->\n<title>Physical Education - American Classical Academy Rutherford<\/title>\n<meta name=\"description\" content=\"Learn how physical education at American Classical Academy Rutherford builds fitness, teamwork, and character.\" \/>\n<meta name=\"robots\" content=\"index, follow, max-snippet:-1, max-image-preview:large, max-video-preview:-1\" \/>\n<link rel=\"canonical\" href=\"https:\/\/rutherfordclassical.org\/es\/physical-education\/\" \/>\n<meta property=\"og:locale\" content=\"es_MX\" \/>\n<meta property=\"og:type\" content=\"article\" \/>\n<meta property=\"og:title\" content=\"Physical Education - American Classical Academy Rutherford\" \/>\n<meta property=\"og:description\" content=\"Learn how physical education at American Classical Academy Rutherford builds fitness, teamwork, and character.\" \/>\n<meta property=\"og:url\" content=\"https:\/\/rutherfordclassical.org\/es\/physical-education\/\" \/>\n<meta property=\"og:site_name\" content=\"American Classical Academy Rutherford\" \/>\n<meta property=\"article:modified_time\" content=\"2026-01-16T19:48:38+00:00\" \/>\n<meta property=\"og:image\" content=\"https:\/\/rutherfordclassical.org\/wp-content\/uploads\/2025\/02\/channey-tang-ho-4pUmLUGDMEI-unsplash-scaled-1.jpg\" \/>\n<meta name=\"twitter:card\" content=\"summary_large_image\" \/>\n<meta name=\"twitter:label1\" content=\"Tiempo de lectura\" \/>\n\t<meta name=\"twitter:data1\" content=\"2 minutos\" \/>\n<script type=\"application\/ld+json\" class=\"yoast-schema-graph\">{\"@context\":\"https:\\\/\\\/schema.org\",\"@graph\":[{\"@type\":\"WebPage\",\"@id\":\"https:\\\/\\\/rutherfordclassical.org\\\/physical-education\\\/\",\"url\":\"https:\\\/\\\/rutherfordclassical.org\\\/physical-education\\\/\",\"name\":\"Physical Education - American Classical Academy Rutherford\",\"isPartOf\":{\"@id\":\"https:\\\/\\\/kba.790.myftpupload.com\\\/#website\"},\"primaryImageOfPage\":{\"@id\":\"https:\\\/\\\/rutherfordclassical.org\\\/physical-education\\\/#primaryimage\"},\"image\":{\"@id\":\"https:\\\/\\\/rutherfordclassical.org\\\/physical-education\\\/#primaryimage\"},\"thumbnailUrl\":\"https:\\\/\\\/rutherfordclassical.org\\\/wp-content\\\/uploads\\\/2025\\\/02\\\/channey-tang-ho-4pUmLUGDMEI-unsplash-scaled-1.jpg\",\"datePublished\":\"2025-02-28T21:55:58+00:00\",\"dateModified\":\"2026-01-16T19:48:38+00:00\",\"description\":\"Learn how physical education at American Classical Academy Rutherford builds fitness, teamwork, and character.\",\"breadcrumb\":{\"@id\":\"https:\\\/\\\/rutherfordclassical.org\\\/physical-education\\\/#breadcrumb\"},\"inLanguage\":\"es\",\"potentialAction\":[{\"@type\":\"ReadAction\",\"target\":[\"https:\\\/\\\/rutherfordclassical.org\\\/physical-education\\\/\"]}]},{\"@type\":\"ImageObject\",\"inLanguage\":\"es\",\"@id\":\"https:\\\/\\\/rutherfordclassical.org\\\/physical-education\\\/#primaryimage\",\"url\":\"https:\\\/\\\/rutherfordclassical.org\\\/wp-content\\\/uploads\\\/2025\\\/02\\\/channey-tang-ho-4pUmLUGDMEI-unsplash-scaled-1.jpg\",\"contentUrl\":\"https:\\\/\\\/rutherfordclassical.org\\\/wp-content\\\/uploads\\\/2025\\\/02\\\/channey-tang-ho-4pUmLUGDMEI-unsplash-scaled-1.jpg\"},{\"@type\":\"BreadcrumbList\",\"@id\":\"https:\\\/\\\/rutherfordclassical.org\\\/physical-education\\\/#breadcrumb\",\"itemListElement\":[{\"@type\":\"ListItem\",\"position\":1,\"name\":\"Home\",\"item\":\"https:\\\/\\\/rutherfordclassical.org\\\/\"},{\"@type\":\"ListItem\",\"position\":2,\"name\":\"Physical Education\"}]},{\"@type\":\"WebSite\",\"@id\":\"https:\\\/\\\/kba.790.myftpupload.com\\\/#website\",\"url\":\"https:\\\/\\\/kba.790.myftpupload.com\\\/\",\"name\":\"American Classical Academy Rutherford\",\"description\":\"\",\"potentialAction\":[{\"@type\":\"SearchAction\",\"target\":{\"@type\":\"EntryPoint\",\"urlTemplate\":\"https:\\\/\\\/kba.790.myftpupload.com\\\/?s={search_term_string}\"},\"query-input\":{\"@type\":\"PropertyValueSpecification\",\"valueRequired\":true,\"valueName\":\"search_term_string\"}}],\"inLanguage\":\"es\"}]}<\/script>\n<!-- \/ Yoast SEO plugin. -->","yoast_head_json":{"title":"Educaci\u00f3n F\u00edsica - American Classical Academy Rutherford","description":"Learn how physical education at American Classical Academy Rutherford builds fitness, teamwork, and character.","robots":{"index":"index","follow":"follow","max-snippet":"max-snippet:-1","max-image-preview":"max-image-preview:large","max-video-preview":"max-video-preview:-1"},"canonical":"https:\/\/rutherfordclassical.org\/es\/physical-education\/","og_locale":"es_MX","og_type":"article","og_title":"Physical Education - American Classical Academy Rutherford","og_description":"Learn how physical education at American Classical Academy Rutherford builds fitness, teamwork, and character.","og_url":"https:\/\/rutherfordclassical.org\/es\/physical-education\/","og_site_name":"American Classical Academy Rutherford","article_modified_time":"2026-01-16T19:48:38+00:00","og_image":[{"url":"https:\/\/rutherfordclassical.org\/wp-content\/uploads\/2025\/02\/channey-tang-ho-4pUmLUGDMEI-unsplash-scaled-1.jpg","type":"","width":"","height":""}],"twitter_card":"summary_large_image","twitter_misc":{"Tiempo de lectura":"2 minutos"},"schema":{"@context":"https:\/\/schema.org","@graph":[{"@type":"WebPage","@id":"https:\/\/rutherfordclassical.org\/physical-education\/","url":"https:\/\/rutherfordclassical.org\/physical-education\/","name":"Educaci\u00f3n F\u00edsica - American Classical Academy Rutherford","isPartOf":{"@id":"https:\/\/kba.790.myftpupload.com\/#website"},"primaryImageOfPage":{"@id":"https:\/\/rutherfordclassical.org\/physical-education\/#primaryimage"},"image":{"@id":"https:\/\/rutherfordclassical.org\/physical-education\/#primaryimage"},"thumbnailUrl":"https:\/\/rutherfordclassical.org\/wp-content\/uploads\/2025\/02\/channey-tang-ho-4pUmLUGDMEI-unsplash-scaled-1.jpg","datePublished":"2025-02-28T21:55:58+00:00","dateModified":"2026-01-16T19:48:38+00:00","description":"Learn how physical education at American Classical Academy Rutherford builds fitness, teamwork, and character.","breadcrumb":{"@id":"https:\/\/rutherfordclassical.org\/physical-education\/#breadcrumb"},"inLanguage":"es","potentialAction":[{"@type":"ReadAction","target":["https:\/\/rutherfordclassical.org\/physical-education\/"]}]},{"@type":"ImageObject","inLanguage":"es","@id":"https:\/\/rutherfordclassical.org\/physical-education\/#primaryimage","url":"https:\/\/rutherfordclassical.org\/wp-content\/uploads\/2025\/02\/channey-tang-ho-4pUmLUGDMEI-unsplash-scaled-1.jpg","contentUrl":"https:\/\/rutherfordclassical.org\/wp-content\/uploads\/2025\/02\/channey-tang-ho-4pUmLUGDMEI-unsplash-scaled-1.jpg"},{"@type":"BreadcrumbList","@id":"https:\/\/rutherfordclassical.org\/physical-education\/#breadcrumb","itemListElement":[{"@type":"ListItem","position":1,"name":"Home","item":"https:\/\/rutherfordclassical.org\/"},{"@type":"ListItem","position":2,"name":"Physical Education"}]},{"@type":"WebSite","@id":"https:\/\/kba.790.myftpupload.com\/#website","url":"https:\/\/kba.790.myftpupload.com\/","name":"Academia Cl\u00e1sica Americana Rutherford","description":"","potentialAction":[{"@type":"SearchAction","target":{"@type":"EntryPoint","urlTemplate":"https:\/\/kba.790.myftpupload.com\/?s={search_term_string}"},"query-input":{"@type":"PropertyValueSpecification","valueRequired":true,"valueName":"search_term_string"}}],"inLanguage":"es"}]}},"_links":{"self":[{"href":"https:\/\/rutherfordclassical.org\/es\/wp-json\/wp\/v2\/pages\/2328","targetHints":{"allow":["GET"]}}],"collection":[{"href":"https:\/\/rutherfordclassical.org\/es\/wp-json\/wp\/v2\/pages"}],"about":[{"href":"https:\/\/rutherfordclassical.org\/es\/wp-json\/wp\/v2\/types\/page"}],"author":[{"embeddable":true,"href":"https:\/\/rutherfordclassical.org\/es\/wp-json\/wp\/v2\/users\/2"}],"replies":[{"embeddable":true,"href":"https:\/\/rutherfordclassical.org\/es\/wp-json\/wp\/v2\/comments?post=2328"}],"version-history":[{"count":1,"href":"https:\/\/rutherfordclassical.org\/es\/wp-json\/wp\/v2\/pages\/2328\/revisions"}],"predecessor-version":[{"id":3968,"href":"https:\/\/rutherfordclassical.org\/es\/wp-json\/wp\/v2\/pages\/2328\/revisions\/3968"}],"wp:attachment":[{"href":"https:\/\/rutherfordclassical.org\/es\/wp-json\/wp\/v2\/media?parent=2328"}],"curies":[{"name":"wp","href":"https:\/\/api.w.org\/{rel}","templated":true}]}}