{"id":525,"date":"2023-12-04T02:35:16","date_gmt":"2023-12-04T02:35:16","guid":{"rendered":"https:\/\/rutherfordclassical.org\/?page_id=525"},"modified":"2026-04-23T19:50:14","modified_gmt":"2026-04-23T19:50:14","slug":"meet-the-head-of-school","status":"publish","type":"page","link":"https:\/\/rutherfordclassical.org\/es\/meet-the-head-of-school\/","title":{"rendered":"Conozca al Director de la Escuela"},"content":{"rendered":"<div data-elementor-type=\"wp-page\" data-elementor-id=\"525\" class=\"elementor elementor-525\" data-elementor-post-type=\"page\">\n\t\t\t\t\t\t<section class=\"elementor-section elementor-top-section elementor-element elementor-element-76e6f31d elementor-section-content-middle elementor-section-boxed elementor-section-height-default elementor-section-height-default\" data-id=\"76e6f31d\" data-element_type=\"section\" data-e-type=\"section\" data-settings=\"{&quot;background_background&quot;:&quot;classic&quot;}\">\n\t\t\t\t\t\t\t<div class=\"elementor-background-overlay\"><\/div>\n\t\t\t\t\t\t\t<div class=\"elementor-container elementor-column-gap-default\">\n\t\t\t\t\t<div class=\"elementor-column elementor-col-50 elementor-top-column elementor-element elementor-element-3d171955\" data-id=\"3d171955\" data-element_type=\"column\" data-e-type=\"column\" data-settings=\"{&quot;background_background&quot;:&quot;classic&quot;}\">\n\t\t\t<div class=\"elementor-widget-wrap elementor-element-populated\">\n\t\t\t\t\t\t<div class=\"elementor-element elementor-element-7ef81596 elementor-widget elementor-widget-heading\" data-id=\"7ef81596\" data-element_type=\"widget\" data-e-type=\"widget\" data-widget_type=\"heading.default\">\n\t\t\t\t<div class=\"elementor-widget-container\">\n\t\t\t\t\t<h1 class=\"elementor-heading-title elementor-size-default\">Conozca al Director de la Escuela<\/h1>\t\t\t\t<\/div>\n\t\t\t\t<\/div>\n\t\t\t\t\t<\/div>\n\t\t<\/div>\n\t\t\t\t<div class=\"elementor-column elementor-col-50 elementor-top-column elementor-element elementor-element-25c1391d elementor-hidden-tablet elementor-hidden-phone\" data-id=\"25c1391d\" data-element_type=\"column\" data-e-type=\"column\">\n\t\t\t<div class=\"elementor-widget-wrap\">\n\t\t\t\t\t\t\t<\/div>\n\t\t<\/div>\n\t\t\t\t\t<\/div>\n\t\t<\/section>\n\t\t<div class=\"elementor-element elementor-element-70363a61 e-flex e-con-boxed e-con e-parent\" data-id=\"70363a61\" data-element_type=\"container\" data-e-type=\"container\">\n\t\t\t\t\t<div class=\"e-con-inner\">\n\t\t\t\t<div class=\"elementor-element elementor-element-247e7cdc elementor-widget elementor-widget-spacer\" data-id=\"247e7cdc\" data-element_type=\"widget\" data-e-type=\"widget\" data-widget_type=\"spacer.default\">\n\t\t\t\t<div class=\"elementor-widget-container\">\n\t\t\t\t\t\t\t<div class=\"elementor-spacer\">\n\t\t\t<div class=\"elementor-spacer-inner\"><\/div>\n\t\t<\/div>\n\t\t\t\t\t\t<\/div>\n\t\t\t\t<\/div>\n\t\t\t\t\t<\/div>\n\t\t\t\t<\/div>\n\t\t<div class=\"elementor-element elementor-element-46e34515 e-flex e-con-boxed e-con e-parent\" data-id=\"46e34515\" data-element_type=\"container\" data-e-type=\"container\">\n\t\t\t\t\t<div class=\"e-con-inner\">\n\t\t<div class=\"elementor-element elementor-element-d36c068 e-con-full e-flex e-con e-child\" data-id=\"d36c068\" data-element_type=\"container\" data-e-type=\"container\">\n\t\t\t\t<div class=\"elementor-element elementor-element-406ebd2 elementor-widget elementor-widget-image\" data-id=\"406ebd2\" data-element_type=\"widget\" data-e-type=\"widget\" data-widget_type=\"image.default\">\n\t\t\t\t<div class=\"elementor-widget-container\">\n\t\t\t\t\t\t\t\t\t\t\t\t\t\t\t<img fetchpriority=\"high\" decoding=\"async\" width=\"600\" height=\"900\" src=\"https:\/\/rutherfordclassical.org\/wp-content\/uploads\/2025\/10\/ITURRI.png\" class=\"attachment-large size-large wp-image-3119\" alt=\"\" srcset=\"https:\/\/rutherfordclassical.org\/wp-content\/uploads\/2025\/10\/ITURRI.png 600w, https:\/\/rutherfordclassical.org\/wp-content\/uploads\/2025\/10\/ITURRI-200x300.png 200w, https:\/\/rutherfordclassical.org\/wp-content\/uploads\/2025\/10\/ITURRI-8x12.png 8w\" sizes=\"(max-width: 600px) 100vw, 600px\" \/>\t\t\t\t\t\t\t\t\t\t\t\t\t\t\t<\/div>\n\t\t\t\t<\/div>\n\t\t\t\t<\/div>\n\t\t<div class=\"elementor-element elementor-element-1cc0afe e-con-full e-flex e-con e-child\" data-id=\"1cc0afe\" data-element_type=\"container\" data-e-type=\"container\">\n\t\t\t\t<div class=\"elementor-element elementor-element-9ba5c54 elementor-widget elementor-widget-text-editor\" data-id=\"9ba5c54\" data-element_type=\"widget\" data-e-type=\"widget\" data-widget_type=\"text-editor.default\">\n\t\t\t\t<div class=\"elementor-widget-container\">\n\t\t\t\t\t\t\t\t\t<h1>Sra. Iturri<\/h1>\t\t\t\t\t\t\t\t<\/div>\n\t\t\t\t<\/div>\n\t\t\t\t<div class=\"elementor-element elementor-element-460e0ff elementor-widget elementor-widget-text-editor\" data-id=\"460e0ff\" data-element_type=\"widget\" data-e-type=\"widget\" data-widget_type=\"text-editor.default\">\n\t\t\t\t<div class=\"elementor-widget-container\">\n\t\t\t\t\t\t\t\t\t<p>Subdirector de la Escuela<\/p>\t\t\t\t\t\t\t\t<\/div>\n\t\t\t\t<\/div>\n\t\t\t\t<div class=\"elementor-element elementor-element-6bf66e8 elementor-widget elementor-widget-text-editor\" data-id=\"6bf66e8\" data-element_type=\"widget\" data-e-type=\"widget\" data-widget_type=\"text-editor.default\">\n\t\t\t\t<div class=\"elementor-widget-container\">\n\t\t\t\t\t\t\t\t\t<div>Tonya Iturri es la subdirectora de la American Classical Academy Rutherford.\u00a0<\/div><div>\u00a0<\/div><div>La Sra. Iturri es una maestra dedicada y apasionada con 16 a\u00f1os de experiencia en la educaci\u00f3n p\u00fablica. Asisti\u00f3 a la Universidad de Nevada Reno, donde se gradu\u00f3 con una licenciatura en Logopedia y una especializaci\u00f3n en Discapacidades del Desarrollo. Tras mudarse a Tennessee en 2001, trabaj\u00f3 en la administraci\u00f3n de la educaci\u00f3n superior durante varios a\u00f1os antes de asistir a la Universidad de Belmont para obtener su maestr\u00eda en Ense\u00f1anza con \u00e9nfasis en educaci\u00f3n especial.\u00a0\u00a0<\/div><div>\u00a0<\/div><div>La Sra. Iturri es una reconocida l\u00edder educativa con amplia experiencia trabajando con estudiantes y educadores en el \u00e1rea de intervenciones acad\u00e9micas y conductuales por niveles. A lo largo de su carrera, ha recibido varios premios y reconocimientos por su trabajo en este \u00e1mbito. Ha tenido la oportunidad de presentar ponencias en conferencias y dirigir talleres de desarrollo profesional para colegas, compartiendo su experiencia y pasi\u00f3n por crear un clima y una cultura positivos para todos los estudiantes.\u00a0\u00a0<\/div><div>\u00a0<\/div><div>La Sra. Iturri cree firmemente que cada ni\u00f1o tiene fortalezas y potencial \u00fanicos. Est\u00e1 comprometida con la creaci\u00f3n de un entorno de aprendizaje propicio en el que todos los alumnos se sientan valorados y empoderados, al tiempo que sigue exigiendo mucho a todos ellos.\u00a0\u00a0<\/div>\t\t\t\t\t\t\t\t<\/div>\n\t\t\t\t<\/div>\n\t\t\t\t<\/div>\n\t\t\t\t\t<\/div>\n\t\t\t\t<\/div>\n\t\t<div class=\"elementor-element elementor-element-490e7d0 e-flex e-con-boxed e-con e-parent\" data-id=\"490e7d0\" data-element_type=\"container\" data-e-type=\"container\">\n\t\t\t\t\t<div class=\"e-con-inner\">\n\t\t\t\t<div class=\"elementor-element elementor-element-3c27ab1 elementor-widget elementor-widget-spacer\" data-id=\"3c27ab1\" data-element_type=\"widget\" data-e-type=\"widget\" data-widget_type=\"spacer.default\">\n\t\t\t\t<div class=\"elementor-widget-container\">\n\t\t\t\t\t\t\t<div class=\"elementor-spacer\">\n\t\t\t<div class=\"elementor-spacer-inner\"><\/div>\n\t\t<\/div>\n\t\t\t\t\t\t<\/div>\n\t\t\t\t<\/div>\n\t\t\t\t\t<\/div>\n\t\t\t\t<\/div>\n\t\t\t\t<section class=\"elementor-section elementor-top-section elementor-element elementor-element-9bee4ab elementor-section-height-min-height elementor-section-boxed elementor-section-height-default elementor-section-items-middle\" data-id=\"9bee4ab\" data-element_type=\"section\" data-e-type=\"section\" data-settings=\"{&quot;background_background&quot;:&quot;classic&quot;}\">\n\t\t\t\t\t\t\t<div class=\"elementor-background-overlay\"><\/div>\n\t\t\t\t\t\t\t<div class=\"elementor-container elementor-column-gap-default\">\n\t\t\t\t\t<div class=\"elementor-column elementor-col-100 elementor-top-column elementor-element elementor-element-b07620b\" data-id=\"b07620b\" data-element_type=\"column\" data-e-type=\"column\">\n\t\t\t<div class=\"elementor-widget-wrap elementor-element-populated\">\n\t\t\t\t\t\t<div class=\"elementor-element elementor-element-0bf75e4 elementor-widget elementor-widget-heading\" data-id=\"0bf75e4\" data-element_type=\"widget\" data-e-type=\"widget\" data-widget_type=\"heading.default\">\n\t\t\t\t<div class=\"elementor-widget-container\">\n\t\t\t\t\t<h2 class=\"elementor-heading-title elementor-size-default\">\u00bfQu\u00e9 hace que American Classical Academy Rutherford sea \u00fanica?<\/h2>\t\t\t\t<\/div>\n\t\t\t\t<\/div>\n\t\t\t\t<div class=\"elementor-element elementor-element-ff5e608 elementor-widget elementor-widget-text-editor\" data-id=\"ff5e608\" data-element_type=\"widget\" data-e-type=\"widget\" data-widget_type=\"text-editor.default\">\n\t\t\t\t<div class=\"elementor-widget-container\">\n\t\t\t\t\t\t\t\t\t<p>Acomp\u00e1\u00f1enos en una visita semanal que se celebra todos los martes a las 9:00 y todos los mi\u00e9rcoles a las 13:00.\u00a0<\/p>\t\t\t\t\t\t\t\t<\/div>\n\t\t\t\t<\/div>\n\t\t\t\t<div class=\"elementor-element elementor-element-e0a1022 elementor-widget elementor-widget-jkit_button\" data-id=\"e0a1022\" data-element_type=\"widget\" data-e-type=\"widget\" data-widget_type=\"jkit_button.default\">\n\t\t\t\t<div class=\"elementor-widget-container\">\n\t\t\t\t\t<div  class=\"jeg-elementor-kit jkit-button  icon-position-before jeg_module___69f173dd78dbf\" ><a href=\"https:\/\/rutherfordclassical.org\/es\/weekly-tours\/\" class=\"jkit-button-wrapper\">ASISTIR A LA VISITA ESCOLAR<\/a><\/div>\t\t\t\t<\/div>\n\t\t\t\t<\/div>\n\t\t\t\t\t<\/div>\n\t\t<\/div>\n\t\t\t\t\t<\/div>\n\t\t<\/section>\n\t\t\t\t<\/div>","protected":false},"excerpt":{"rendered":"<p>Meet the Head of School Ms. Iturri\u200b Assistant Head of School Tonya Iturri is the Assistant Head of School at American Classical Academy Rutherford.\u00a0\u00a0Mrs. Iturri is a dedicated and passionate [&hellip;]<\/p>\n","protected":false},"author":2,"featured_media":0,"parent":0,"menu_order":0,"comment_status":"closed","ping_status":"closed","template":"","meta":{"_coblocks_attr":"","_coblocks_dimensions":"","_coblocks_responsive_height":"","_coblocks_accordion_ie_support":"","_mo_disable_npp":"","footnotes":""},"class_list":["post-525","page","type-page","status-publish","hentry"],"yoast_head":"<!-- This site is optimized with the Yoast SEO plugin v27.5 - https:\/\/yoast.com\/product\/yoast-seo-wordpress\/ -->\n<title>Meet the Head of School - American Classical Academy Rutherford<\/title>\n<meta name=\"description\" content=\"Meet Dr. Beck, Head of School at American Classical Academy Rutherford, bringing leadership, experience, and passion.\" \/>\n<meta name=\"robots\" content=\"index, follow, max-snippet:-1, max-image-preview:large, max-video-preview:-1\" \/>\n<link rel=\"canonical\" href=\"https:\/\/rutherfordclassical.org\/es\/meet-the-head-of-school\/\" \/>\n<meta property=\"og:locale\" content=\"es_MX\" \/>\n<meta property=\"og:type\" content=\"article\" \/>\n<meta property=\"og:title\" content=\"Meet the Head of School - American Classical Academy Rutherford\" \/>\n<meta property=\"og:description\" content=\"Meet Dr. Beck, Head of School at American Classical Academy Rutherford, bringing leadership, experience, and passion.\" \/>\n<meta property=\"og:url\" content=\"https:\/\/rutherfordclassical.org\/es\/meet-the-head-of-school\/\" \/>\n<meta property=\"og:site_name\" content=\"American Classical Academy Rutherford\" \/>\n<meta property=\"article:modified_time\" content=\"2026-04-23T19:50:14+00:00\" \/>\n<meta property=\"og:image\" content=\"https:\/\/rutherfordclassical.org\/wp-content\/uploads\/2025\/10\/ITURRI.png\" \/>\n<meta name=\"twitter:card\" content=\"summary_large_image\" \/>\n<meta name=\"twitter:label1\" content=\"Tiempo de lectura\" \/>\n\t<meta name=\"twitter:data1\" content=\"2 minutos\" \/>\n<script type=\"application\/ld+json\" class=\"yoast-schema-graph\">{\"@context\":\"https:\\\/\\\/schema.org\",\"@graph\":[{\"@type\":\"WebPage\",\"@id\":\"https:\\\/\\\/rutherfordclassical.org\\\/meet-the-head-of-school\\\/\",\"url\":\"https:\\\/\\\/rutherfordclassical.org\\\/meet-the-head-of-school\\\/\",\"name\":\"Meet the Head of School - American Classical Academy Rutherford\",\"isPartOf\":{\"@id\":\"https:\\\/\\\/kba.790.myftpupload.com\\\/#website\"},\"primaryImageOfPage\":{\"@id\":\"https:\\\/\\\/rutherfordclassical.org\\\/meet-the-head-of-school\\\/#primaryimage\"},\"image\":{\"@id\":\"https:\\\/\\\/rutherfordclassical.org\\\/meet-the-head-of-school\\\/#primaryimage\"},\"thumbnailUrl\":\"https:\\\/\\\/rutherfordclassical.org\\\/wp-content\\\/uploads\\\/2025\\\/10\\\/ITURRI.png\",\"datePublished\":\"2023-12-04T02:35:16+00:00\",\"dateModified\":\"2026-04-23T19:50:14+00:00\",\"description\":\"Meet Dr. Beck, Head of School at American Classical Academy Rutherford, bringing leadership, experience, and passion.\",\"breadcrumb\":{\"@id\":\"https:\\\/\\\/rutherfordclassical.org\\\/meet-the-head-of-school\\\/#breadcrumb\"},\"inLanguage\":\"es\",\"potentialAction\":[{\"@type\":\"ReadAction\",\"target\":[\"https:\\\/\\\/rutherfordclassical.org\\\/meet-the-head-of-school\\\/\"]}]},{\"@type\":\"ImageObject\",\"inLanguage\":\"es\",\"@id\":\"https:\\\/\\\/rutherfordclassical.org\\\/meet-the-head-of-school\\\/#primaryimage\",\"url\":\"https:\\\/\\\/rutherfordclassical.org\\\/wp-content\\\/uploads\\\/2025\\\/10\\\/ITURRI.png\",\"contentUrl\":\"https:\\\/\\\/rutherfordclassical.org\\\/wp-content\\\/uploads\\\/2025\\\/10\\\/ITURRI.png\"},{\"@type\":\"BreadcrumbList\",\"@id\":\"https:\\\/\\\/rutherfordclassical.org\\\/meet-the-head-of-school\\\/#breadcrumb\",\"itemListElement\":[{\"@type\":\"ListItem\",\"position\":1,\"name\":\"Home\",\"item\":\"https:\\\/\\\/rutherfordclassical.org\\\/\"},{\"@type\":\"ListItem\",\"position\":2,\"name\":\"Meet the Head of School\"}]},{\"@type\":\"WebSite\",\"@id\":\"https:\\\/\\\/kba.790.myftpupload.com\\\/#website\",\"url\":\"https:\\\/\\\/kba.790.myftpupload.com\\\/\",\"name\":\"American Classical Academy Rutherford\",\"description\":\"\",\"potentialAction\":[{\"@type\":\"SearchAction\",\"target\":{\"@type\":\"EntryPoint\",\"urlTemplate\":\"https:\\\/\\\/kba.790.myftpupload.com\\\/?s={search_term_string}\"},\"query-input\":{\"@type\":\"PropertyValueSpecification\",\"valueRequired\":true,\"valueName\":\"search_term_string\"}}],\"inLanguage\":\"es\"}]}<\/script>\n<!-- \/ Yoast SEO plugin. -->","yoast_head_json":{"title":"Conozca al Director de la Escuela - American Classical Academy Rutherford","description":"Conozca al Dr. Beck, director de la American Classical Academy Rutherford, que aporta liderazgo, experiencia y pasi\u00f3n.","robots":{"index":"index","follow":"follow","max-snippet":"max-snippet:-1","max-image-preview":"max-image-preview:large","max-video-preview":"max-video-preview:-1"},"canonical":"https:\/\/rutherfordclassical.org\/es\/meet-the-head-of-school\/","og_locale":"es_MX","og_type":"article","og_title":"Meet the Head of School - American Classical Academy Rutherford","og_description":"Meet Dr. Beck, Head of School at American Classical Academy Rutherford, bringing leadership, experience, and passion.","og_url":"https:\/\/rutherfordclassical.org\/es\/meet-the-head-of-school\/","og_site_name":"American Classical Academy Rutherford","article_modified_time":"2026-04-23T19:50:14+00:00","og_image":[{"url":"https:\/\/rutherfordclassical.org\/wp-content\/uploads\/2025\/10\/ITURRI.png","type":"","width":"","height":""}],"twitter_card":"summary_large_image","twitter_misc":{"Tiempo de lectura":"2 minutos"},"schema":{"@context":"https:\/\/schema.org","@graph":[{"@type":"WebPage","@id":"https:\/\/rutherfordclassical.org\/meet-the-head-of-school\/","url":"https:\/\/rutherfordclassical.org\/meet-the-head-of-school\/","name":"Conozca al Director de la Escuela - American Classical Academy Rutherford","isPartOf":{"@id":"https:\/\/kba.790.myftpupload.com\/#website"},"primaryImageOfPage":{"@id":"https:\/\/rutherfordclassical.org\/meet-the-head-of-school\/#primaryimage"},"image":{"@id":"https:\/\/rutherfordclassical.org\/meet-the-head-of-school\/#primaryimage"},"thumbnailUrl":"https:\/\/rutherfordclassical.org\/wp-content\/uploads\/2025\/10\/ITURRI.png","datePublished":"2023-12-04T02:35:16+00:00","dateModified":"2026-04-23T19:50:14+00:00","description":"Conozca al Dr. Beck, director de la American Classical Academy Rutherford, que aporta liderazgo, experiencia y pasi\u00f3n.","breadcrumb":{"@id":"https:\/\/rutherfordclassical.org\/meet-the-head-of-school\/#breadcrumb"},"inLanguage":"es","potentialAction":[{"@type":"ReadAction","target":["https:\/\/rutherfordclassical.org\/meet-the-head-of-school\/"]}]},{"@type":"ImageObject","inLanguage":"es","@id":"https:\/\/rutherfordclassical.org\/meet-the-head-of-school\/#primaryimage","url":"https:\/\/rutherfordclassical.org\/wp-content\/uploads\/2025\/10\/ITURRI.png","contentUrl":"https:\/\/rutherfordclassical.org\/wp-content\/uploads\/2025\/10\/ITURRI.png"},{"@type":"BreadcrumbList","@id":"https:\/\/rutherfordclassical.org\/meet-the-head-of-school\/#breadcrumb","itemListElement":[{"@type":"ListItem","position":1,"name":"Home","item":"https:\/\/rutherfordclassical.org\/"},{"@type":"ListItem","position":2,"name":"Meet the Head of School"}]},{"@type":"WebSite","@id":"https:\/\/kba.790.myftpupload.com\/#website","url":"https:\/\/kba.790.myftpupload.com\/","name":"Academia Cl\u00e1sica Americana Rutherford","description":"","potentialAction":[{"@type":"SearchAction","target":{"@type":"EntryPoint","urlTemplate":"https:\/\/kba.790.myftpupload.com\/?s={search_term_string}"},"query-input":{"@type":"PropertyValueSpecification","valueRequired":true,"valueName":"search_term_string"}}],"inLanguage":"es"}]}},"_links":{"self":[{"href":"https:\/\/rutherfordclassical.org\/es\/wp-json\/wp\/v2\/pages\/525","targetHints":{"allow":["GET"]}}],"collection":[{"href":"https:\/\/rutherfordclassical.org\/es\/wp-json\/wp\/v2\/pages"}],"about":[{"href":"https:\/\/rutherfordclassical.org\/es\/wp-json\/wp\/v2\/types\/page"}],"author":[{"embeddable":true,"href":"https:\/\/rutherfordclassical.org\/es\/wp-json\/wp\/v2\/users\/2"}],"replies":[{"embeddable":true,"href":"https:\/\/rutherfordclassical.org\/es\/wp-json\/wp\/v2\/comments?post=525"}],"version-history":[{"count":6,"href":"https:\/\/rutherfordclassical.org\/es\/wp-json\/wp\/v2\/pages\/525\/revisions"}],"predecessor-version":[{"id":4057,"href":"https:\/\/rutherfordclassical.org\/es\/wp-json\/wp\/v2\/pages\/525\/revisions\/4057"}],"wp:attachment":[{"href":"https:\/\/rutherfordclassical.org\/es\/wp-json\/wp\/v2\/media?parent=525"}],"curies":[{"name":"wp","href":"https:\/\/api.w.org\/{rel}","templated":true}]}}